{"id":16563,"date":"2022-05-03T11:24:51","date_gmt":"2022-05-03T14:24:51","guid":{"rendered":"https:\/\/comunique-se.com.br\/blog\/?page_id=16563"},"modified":"2022-05-11T15:06:10","modified_gmt":"2022-05-11T18:06:10","slug":"infografico-podcasts","status":"publish","type":"page","link":"https:\/\/comunique-se.com.br\/blog\/infografico-podcasts\/","title":{"rendered":"Infogr\u00e1fico &#8211; A Onda dos Podcasts"},"content":{"rendered":"<p>[vc_section full_width=&#8221;stretch_row&#8221; content_placement=&#8221;middle&#8221; el_class=&#8221;background-no-repeat&#8221;][vc_row content_placement=&#8221;middle&#8221; bg_type=&#8221;grad&#8221; bg_override=&#8221;full&#8221; bg_grad=&#8221;background: -webkit-gradient(linear, left top, left bottom, color-stop(0%, #333333), color-stop(100%, #3A3A3A));background: -moz-linear-gradient(left,#333333 0%,#3A3A3A 100%);background: -webkit-linear-gradient(left,#333333 0%,#3A3A3A 100%);background: -o-linear-gradient(left,#333333 0%,#3A3A3A 100%);background: -ms-linear-gradient(left,#333333 0%,#3A3A3A 100%);background: linear-gradient(left,#333333 0%,#3A3A3A 100%);&#8221;][vc_column width=&#8221;1\/3&#8243; css=&#8221;.vc_custom_1585766457197{margin-right: 0px !important;margin-bottom: 0px !important;margin-left: 0px !important;border-right-width: 0px !important;border-bottom-width: 0px !important;border-left-width: 0px !important;padding-right: 0px !important;padding-bottom: 0px !important;padding-left: 0px !important;}&#8221;][vc_column_text el_class=&#8221;img-center-mobile&#8221;]<img loading=\"lazy\" decoding=\"async\" class=\"wp-image-16429 aligncenter\" src=\"https:\/\/comunique-se.com.br\/blog\/wp-content\/uploads\/2022\/03\/Comunique-se-branco-300x158.png\" alt=\"\" width=\"238\" height=\"125\" srcset=\"https:\/\/comunique-se.com.br\/blog\/wp-content\/uploads\/2022\/03\/Comunique-se-branco-300x158.png 300w, https:\/\/comunique-se.com.br\/blog\/wp-content\/uploads\/2022\/03\/Comunique-se-branco-1024x540.png 1024w, https:\/\/comunique-se.com.br\/blog\/wp-content\/uploads\/2022\/03\/Comunique-se-branco-768x405.png 768w, https:\/\/comunique-se.com.br\/blog\/wp-content\/uploads\/2022\/03\/Comunique-se-branco.png 1200w\" sizes=\"auto, (max-width: 238px) 100vw, 238px\" \/>[\/vc_column_text][\/vc_column][vc_column width=&#8221;1\/3&#8243;][vc_column_text]<img loading=\"lazy\" decoding=\"async\" class=\"wp-image-16430 aligncenter\" src=\"https:\/\/comunique-se.com.br\/blog\/wp-content\/uploads\/2022\/03\/DINO_branco-300x91.png\" alt=\"\" width=\"284\" height=\"86\" srcset=\"https:\/\/comunique-se.com.br\/blog\/wp-content\/uploads\/2022\/03\/DINO_branco-300x91.png 300w, https:\/\/comunique-se.com.br\/blog\/wp-content\/uploads\/2022\/03\/DINO_branco-1024x309.png 1024w, https:\/\/comunique-se.com.br\/blog\/wp-content\/uploads\/2022\/03\/DINO_branco-768x232.png 768w, https:\/\/comunique-se.com.br\/blog\/wp-content\/uploads\/2022\/03\/DINO_branco.png 1487w\" sizes=\"auto, (max-width: 284px) 100vw, 284px\" \/>[\/vc_column_text][\/vc_column][vc_column width=&#8221;1\/3&#8243;][\/vc_column][\/vc_row][vc_row content_placement=&#8221;top&#8221;][vc_column width=&#8221;2\/3&#8243; el_class=&#8221;menos-padding-laptop&#8221;]<div class=\"ult-spacer spacer-69d4eb413600f\" data-id=\"69d4eb413600f\" data-height=\"10\" data-height-mobile=\"10\" data-height-tab=\"10\" data-height-tab-portrait=\"10\" data-height-mobile-landscape=\"10\" style=\"clear:both;display:block;\"><\/div><div id=\"ultimate-heading-500669d4eb413604f\" class=\"uvc-heading ult-adjust-bottom-margin ultimate-heading-500669d4eb413604f uvc-6470 \" data-hspacer=\"no_spacer\"  data-halign=\"left\" style=\"text-align:left\"><div class=\"uvc-heading-spacer no_spacer\" style=\"top\"><\/div><div class=\"uvc-main-heading ult-responsive\"  data-ultimate-target='.uvc-heading.ultimate-heading-500669d4eb413604f h1'  data-responsive-json-new='{\"font-size\":\"desktop:24px;tablet:24px;tablet_portrait:24px;mobile_landscape:24px;mobile:24px;\",\"line-height\":\"desktop:28px;tablet:28px;tablet_portrait:28px;mobile_landscape:28px;mobile:28px;\"}' ><h1 style=\"font-family:&#039;Open Sans&#039;;font-weight:700;color:#f27000;margin-bottom:1px;\">INFOGR\u00c1FICO<\/h1><\/div><\/div><div id=\"ultimate-heading-259969d4eb4136098\" class=\"uvc-heading ult-adjust-bottom-margin ultimate-heading-259969d4eb4136098 uvc-7963 Bold-Normal\" data-hspacer=\"no_spacer\"  data-halign=\"left\" style=\"text-align:left\"><div class=\"uvc-heading-spacer no_spacer\" style=\"top\"><\/div><div class=\"uvc-main-heading ult-responsive\"  data-ultimate-target='.uvc-heading.ultimate-heading-259969d4eb4136098 h2'  data-responsive-json-new='{\"font-size\":\"desktop:45px;tablet:40px;tablet_portrait:40px;mobile_landscape:34px;mobile:44px;\",\"line-height\":\"desktop:58px;tablet:48px;tablet_portrait:48px;mobile_landscape:52px;mobile:52px;\"}' ><h2 style=\"font-family:&#039;Open Sans&#039;;font-weight:800;margin-bottom:0px;\">A ONDA DOS PODCASTS<\/h2><\/div><\/div><div class=\"ult-spacer spacer-69d4eb41360bc\" data-id=\"69d4eb41360bc\" data-height=\"20\" data-height-mobile=\"10\" data-height-tab=\"20\" data-height-tab-portrait=\"20\" data-height-mobile-landscape=\"10\" style=\"clear:both;display:block;\"><\/div><div id=\"ultimate-heading-501069d4eb41360d6\" class=\"uvc-heading ult-adjust-bottom-margin ultimate-heading-501069d4eb41360d6 uvc-2727 Bold-Normal\" data-hspacer=\"no_spacer\"  data-halign=\"left\" style=\"text-align:left\"><div class=\"uvc-heading-spacer no_spacer\" style=\"top\"><\/div><div class=\"uvc-sub-heading ult-responsive\"  data-ultimate-target='.uvc-heading.ultimate-heading-501069d4eb41360d6 .uvc-sub-heading '  data-responsive-json-new='{\"font-size\":\"desktop:20px;\",\"line-height\":\"desktop:34px;\"}'  style=\"font-family:&#039;Lato&#039;;font-weight:normal;\">Visado como uma grande tend\u00eancia para os pr\u00f3ximos anos, o\u00a0<i data-stringify-type=\"italic\">podcast\u00a0<\/i>\u00e9 um dos f<strong>ormatos mais buscados na internet e nas plataformas de m\u00fasicas<\/strong>. \u00c9 um canal de f\u00e1cil acesso, possui uma boa \u2018vitrine\u2019 para assuntos nichados e permite que qualquer um ou\u00e7a sem precisar parar o que est\u00e1 fazendo.<\/p>\n<p>Com o aumento da procura por parte dos profissionais de comunica\u00e7\u00e3o, o uso de\u00a0<i data-stringify-type=\"italic\">podcasts<\/i>\u00a0nas estrat\u00e9gias de marketing tamb\u00e9m traz perspectivas de crescimento no futuro. Veja neste <strong>infogr\u00e1fico<\/strong>, alguns insights sobre o consumo de\u00a0<i data-stringify-type=\"italic\">podcasts<\/i>\u00a0e como utiliz\u00e1-lo a favor do seu neg\u00f3cio, retirado da pesquisa <strong>&#8220;O mercado de Podcasts no Brasil&#8221;<\/strong> que est\u00e1 em sua primeira edi\u00e7\u00e3o em 2022.<\/p>\n<p><img loading=\"lazy\" decoding=\"async\" class=\" wp-image-16564 aligncenter\" src=\"https:\/\/comunique-se.com.br\/blog\/wp-content\/uploads\/2022\/05\/Design-sem-nome-300x300.png\" alt=\"\" width=\"506\" height=\"506\" srcset=\"https:\/\/comunique-se.com.br\/blog\/wp-content\/uploads\/2022\/05\/Design-sem-nome-300x300.png 300w, https:\/\/comunique-se.com.br\/blog\/wp-content\/uploads\/2022\/05\/Design-sem-nome-1024x1024.png 1024w, https:\/\/comunique-se.com.br\/blog\/wp-content\/uploads\/2022\/05\/Design-sem-nome-150x150.png 150w, https:\/\/comunique-se.com.br\/blog\/wp-content\/uploads\/2022\/05\/Design-sem-nome-768x768.png 768w, https:\/\/comunique-se.com.br\/blog\/wp-content\/uploads\/2022\/05\/Design-sem-nome.png 1080w\" sizes=\"auto, (max-width: 506px) 100vw, 506px\" \/><\/div><\/div>[\/vc_column][vc_column width=&#8221;1\/3&#8243; el_id=&#8221;form&#8221;]<div class=\"ult-spacer spacer-69d4eb41360f7\" data-id=\"69d4eb41360f7\" data-height=\"20\" data-height-mobile=\"10\" data-height-tab=\"20\" data-height-tab-portrait=\"20\" data-height-mobile-landscape=\"10\" style=\"clear:both;display:block;\"><\/div><div class=\"ult-content-box-container \" >\t\t<div class=\"ult-content-box\" style=\"background-color:#ffffff;box-shadow: 3px 2px 20px 3px rgba(0,0,0,0.16) ;border-style:solid;border-width:0px;border-radius:22px;padding-top:0px;padding-right:14px;padding-bottom:0px;padding-left:14px;min-height:480px;-webkit-transition: all 700ms ease;-moz-transition: all 700ms ease;-ms-transition: all 700ms ease;-o-transition: all 700ms ease;transition: all 700ms ease;\"  data-hover_box_shadow=\" 3px 2px 20px 3px rgba(0,0,0,0.3) \"     data-bg=\"#ffffff\"  data-border_color=\"\" >[vc_row_inner el_class=&#8221;border-radius&#8221; css=&#8221;.vc_custom_1648664769210{background-color: #333333 !important;}&#8221;][vc_column_inner el_class=&#8221;border-radius&#8221; css=&#8221;.vc_custom_1599169665689{margin-top: 0px !important;margin-right: 0px !important;margin-bottom: 0px !important;margin-left: 0px !important;border-top-width: 0px !important;border-right-width: 0px !important;border-bottom-width: 0px !important;border-left-width: 0px !important;padding-top: 0px !important;padding-right: 22px !important;padding-bottom: 0px !important;padding-left: 22px !important;}&#8221;]<div class=\"ult-spacer spacer-69d4eb4136197\" data-id=\"69d4eb4136197\" data-height=\"8\" data-height-mobile=\"8\" data-height-tab=\"8\" data-height-tab-portrait=\"8\" data-height-mobile-landscape=\"8\" style=\"clear:both;display:block;\"><\/div><div id=\"ultimate-heading-145069d4eb41361b7\" class=\"uvc-heading ult-adjust-bottom-margin ultimate-heading-145069d4eb41361b7 uvc-7267 \" data-hspacer=\"no_spacer\"  data-halign=\"center\" style=\"text-align:center\"><div class=\"uvc-heading-spacer no_spacer\" style=\"top\"><\/div><div class=\"uvc-main-heading ult-responsive\"  data-ultimate-target='.uvc-heading.ultimate-heading-145069d4eb41361b7 h2'  data-responsive-json-new='{\"font-size\":\"desktop:24px;\",\"line-height\":\"desktop:38px;\"}' ><h2 style=\"font-family:&#039;Lato&#039;;font-weight:900;color:#ffffff;margin-bottom:8px;\">Acesso gratuito e imediato<\/h2><\/div><\/div>[\/vc_column_inner][\/vc_row_inner][vc_row_inner][vc_column_inner css=&#8221;.vc_custom_1599167233556{margin-top: 0px !important;margin-right: 0px !important;margin-left: 0px !important;border-top-width: 0px !important;border-right-width: 0px !important;border-left-width: 0px !important;padding-top: 0px !important;padding-right: 25px !important;padding-left: 25px !important;}&#8221;][vc_raw_js]JTNDZGl2JTIwcm9sZSUzRCUyMm1haW4lMjIlMjBpZCUzRCUyMmZvcm11bGFyaW8taW5mb2dyYWZpY28tYS1vbmRhLWRvcy1wb2RjYXN0cy0zMGFjNjI4MDJlZTQ2MjIzMTg2NCUyMiUzRSUzQyUyRmRpdiUzRSUzQ3NjcmlwdCUyMHR5cGUlM0QlMjJ0ZXh0JTJGamF2YXNjcmlwdCUyMiUyMHNyYyUzRCUyMmh0dHBzJTNBJTJGJTJGZDMzNWx1dXB1Z3N5Mi5jbG91ZGZyb250Lm5ldCUyRmpzJTJGcmRzdGF0aW9uLWZvcm1zJTJGc3RhYmxlJTJGcmRzdGF0aW9uLWZvcm1zLm1pbi5qcyUyMiUzRSUzQyUyRnNjcmlwdCUzRSUzQ3NjcmlwdCUyMHR5cGUlM0QlMjJ0ZXh0JTJGamF2YXNjcmlwdCUyMiUzRSUyMG5ldyUyMFJEU3RhdGlvbkZvcm1zJTI4JTI3Zm9ybXVsYXJpby1pbmZvZ3JhZmljby1hLW9uZGEtZG9zLXBvZGNhc3RzLTMwYWM2MjgwMmVlNDYyMjMxODY0JTI3JTJDJTIwJTI3VUEtMzA1Nzc3NzAtMiUyNyUyOS5jcmVhdGVGb3JtJTI4JTI5JTNCJTNDJTJGc2NyaXB0JTNF[\/vc_raw_js][\/vc_column_inner][\/vc_row_inner]\t\t<\/div><\/div><div class=\"ult-spacer spacer-69d4eb41361e3\" data-id=\"69d4eb41361e3\" data-height=\"30\" data-height-mobile=\"30\" data-height-tab=\"30\" data-height-tab-portrait=\"30\" data-height-mobile-landscape=\"30\" style=\"clear:both;display:block;\"><\/div>[vc_column_text]<\/p>\n<p style=\"font-size: 12px; line-height: 16px;\">O respons\u00e1vel pelo tratamento dos seus dados pessoais \u00e9 a Comunique-se S\/A. Estes dados ser\u00e3o utilizados para lhe enviar informativos sobre os nossos servi\u00e7os, al\u00e9m de utilizarmos para efeitos estat\u00edsticos. Para mais informa\u00e7\u00f5es sobre como utilizaremos os dados, por favor consulte a nossa\u00a0<a href=\"https:\/\/institucional.comunique-se.com.br\/politica-de-privacidade\/\">Pol\u00edtica de Privacidade<\/a>. Ao utilizar este formul\u00e1rio voc\u00ea concorda com a nossa Pol\u00edtica. A Comunique-se S\/A pode compartilhar estes dados com outras marcas do Grupo Comunique-se para a mesma finalidade. Caso deseje se desinscrever, voc\u00ea pode faz\u00ea-lo a partir de algum e-mail j\u00e1 recebido (atrav\u00e9s da fun\u00e7\u00e3o descadastrar) ou nos contatando a partir do e-mail <a href=\"mailto:marketing@comunique-se.com.br\">marketing@comunique-se.com.br<\/a>. Para exercer os seus direitos de usu\u00e1rio para retifica\u00e7\u00e3o ou remo\u00e7\u00e3o dos dados sens\u00edveis, contate-nos atrav\u00e9s do e-mail <a href=\"mailto:dpo@comunique-se.com.br\">dpo@comunique-se.com.br<\/a><\/p>\n<p>[\/vc_column_text]<div class=\"ult-spacer spacer-69d4eb41361f0\" data-id=\"69d4eb41361f0\" data-height=\"30\" data-height-mobile=\"30\" data-height-tab=\"30\" data-height-tab-portrait=\"30\" data-height-mobile-landscape=\"30\" style=\"clear:both;display:block;\"><\/div>[\/vc_column][\/vc_row][\/vc_section][vc_section][vc_row][vc_column][\/vc_column][\/vc_row][\/vc_section]<\/p>\n","protected":false},"excerpt":{"rendered":"<p>[vc_section full_width=&#8221;stretch_row&#8221; content_placement=&#8221;middle&#8221; el_class=&#8221;background-no-repeat&#8221;][vc_row content_placement=&#8221;middle&#8221; bg_type=&#8221;grad&#8221; bg_override=&#8221;full&#8221; bg_grad=&#8221;background: -webkit-gradient(linear, left top, left bottom, color-stop(0%, #333333), color-stop(100%, #3A3A3A));background: -moz-linear-gradient(left,#333333 0%,#3A3A3A 100%);background: -webkit-linear-gradient(left,#333333 0%,#3A3A3A 100%);background: -o-linear-gradient(left,#333333 0%,#3A3A3A 100%);background: -ms-linear-gradient(left,#333333 0%,#3A3A3A 100%);background: linear-gradient(left,#333333 0%,#3A3A3A 100%);&#8221;][vc_column width=&#8221;1\/3&#8243; css=&#8221;.vc_custom_1585766457197{margin-right: 0px !important;margin-bottom: 0px !important;margin-left: 0px !important;border-right-width: 0px !important;border-bottom-width: 0px !important;border-left-width: 0px !important;padding-right: 0px !important;padding-bottom: 0px !important;padding-left: 0px !important;}&#8221;][vc_column_text el_class=&#8221;img-center-mobile&#8221;][\/vc_column_text][\/vc_column][vc_column width=&#8221;1\/3&#8243;][vc_column_text][\/vc_column_text][\/vc_column][vc_column width=&#8221;1\/3&#8243;][\/vc_column][\/vc_row][vc_row&hellip;<\/p>\n","protected":false},"author":20,"featured_media":16567,"parent":0,"menu_order":8,"comment_status":"closed","ping_status":"closed","template":"template-microsite.php","meta":{"footnotes":"","_links_to":"","_links_to_target":""},"yst_prominent_words":[],"class_list":["post-16563","page","type-page","status-publish","has-post-thumbnail","hentry","description-off"],"_links":{"self":[{"href":"https:\/\/comunique-se.com.br\/blog\/wp-json\/wp\/v2\/pages\/16563","targetHints":{"allow":["GET"]}}],"collection":[{"href":"https:\/\/comunique-se.com.br\/blog\/wp-json\/wp\/v2\/pages"}],"about":[{"href":"https:\/\/comunique-se.com.br\/blog\/wp-json\/wp\/v2\/types\/page"}],"author":[{"embeddable":true,"href":"https:\/\/comunique-se.com.br\/blog\/wp-json\/wp\/v2\/users\/20"}],"replies":[{"embeddable":true,"href":"https:\/\/comunique-se.com.br\/blog\/wp-json\/wp\/v2\/comments?post=16563"}],"version-history":[{"count":0,"href":"https:\/\/comunique-se.com.br\/blog\/wp-json\/wp\/v2\/pages\/16563\/revisions"}],"wp:featuredmedia":[{"embeddable":true,"href":"https:\/\/comunique-se.com.br\/blog\/wp-json\/wp\/v2\/media\/16567"}],"wp:attachment":[{"href":"https:\/\/comunique-se.com.br\/blog\/wp-json\/wp\/v2\/media?parent=16563"}],"wp:term":[{"taxonomy":"yst_prominent_words","embeddable":true,"href":"https:\/\/comunique-se.com.br\/blog\/wp-json\/wp\/v2\/yst_prominent_words?post=16563"}],"curies":[{"name":"wp","href":"https:\/\/api.w.org\/{rel}","templated":true}]}}