{"id":15781,"date":"2022-01-11T09:31:48","date_gmt":"2022-01-11T12:31:48","guid":{"rendered":"https:\/\/comunique-se.com.br\/blog\/?page_id=15781"},"modified":"2025-01-20T09:50:02","modified_gmt":"2025-01-20T12:50:02","slug":"dicas-comunicacao-marketing","status":"publish","type":"page","link":"https:\/\/comunique-se.com.br\/blog\/dicas-comunicacao-marketing\/","title":{"rendered":"15 dicas valiosas para Comunica\u00e7\u00e3o &#038; Marketing"},"content":{"rendered":"<p>[vc_section full_width=&#8221;stretch_row&#8221; content_placement=&#8221;middle&#8221; el_class=&#8221;background-no-repeat&#8221;][vc_row content_placement=&#8221;middle&#8221; bg_type=&#8221;grad&#8221; bg_override=&#8221;full&#8221; bg_grad=&#8221;background: -webkit-gradient(linear, left top, left bottom, color-stop(0%, #FFA826), color-stop(100%, #EB4A00));background: -moz-linear-gradient(left,#FFA826 0%,#EB4A00 100%);background: -webkit-linear-gradient(left,#FFA826 0%,#EB4A00 100%);background: -o-linear-gradient(left,#FFA826 0%,#EB4A00 100%);background: -ms-linear-gradient(left,#FFA826 0%,#EB4A00 100%);background: linear-gradient(left,#FFA826 0%,#EB4A00 100%);&#8221;][vc_column width=&#8221;1\/5&#8243; css=&#8221;.vc_custom_1585766457197{margin-right: 0px !important;margin-bottom: 0px !important;margin-left: 0px !important;border-right-width: 0px !important;border-bottom-width: 0px !important;border-left-width: 0px !important;padding-right: 0px !important;padding-bottom: 0px !important;padding-left: 0px !important;}&#8221;][vc_column_text el_class=&#8221;img-center-mobile&#8221;]<img loading=\"lazy\" decoding=\"async\" class=\"alignnone size-full wp-image-18271\" src=\"https:\/\/comunique-se.com.br\/blog\/wp-content\/uploads\/2024\/07\/knewinComuniquese-branca.png\" alt=\"\" width=\"294\" height=\"55\" \/>[\/vc_column_text][\/vc_column][\/vc_row][vc_row content_placement=&#8221;top&#8221;][vc_column width=&#8221;2\/3&#8243; el_class=&#8221;menos-padding-laptop&#8221;]<div class=\"ult-spacer spacer-69e4a3a5a34c7\" data-id=\"69e4a3a5a34c7\" data-height=\"10\" data-height-mobile=\"10\" data-height-tab=\"10\" data-height-tab-portrait=\"10\" data-height-mobile-landscape=\"10\" style=\"clear:both;display:block;\"><\/div><div id=\"ultimate-heading-422169e4a3a5a351f\" class=\"uvc-heading ult-adjust-bottom-margin ultimate-heading-422169e4a3a5a351f uvc-9184 \" data-hspacer=\"no_spacer\"  data-halign=\"left\" style=\"text-align:left\"><div class=\"uvc-heading-spacer no_spacer\" style=\"top\"><\/div><div class=\"uvc-main-heading ult-responsive\"  data-ultimate-target='.uvc-heading.ultimate-heading-422169e4a3a5a351f h1'  data-responsive-json-new='{\"font-size\":\"desktop:24px;tablet:24px;tablet_portrait:24px;mobile_landscape:24px;mobile:24px;\",\"line-height\":\"desktop:28px;tablet:28px;tablet_portrait:28px;mobile_landscape:28px;mobile:28px;\"}' ><h1 style=\"font-family:&#039;Open Sans&#039;;font-weight:700;color:#f27000;margin-bottom:1px;\">E-BOOK<\/h1><\/div><\/div><div id=\"ultimate-heading-938169e4a3a5a3c8b\" class=\"uvc-heading ult-adjust-bottom-margin ultimate-heading-938169e4a3a5a3c8b uvc-6996 Bold-Normal\" data-hspacer=\"no_spacer\"  data-halign=\"left\" style=\"text-align:left\"><div class=\"uvc-heading-spacer no_spacer\" style=\"top\"><\/div><div class=\"uvc-main-heading ult-responsive\"  data-ultimate-target='.uvc-heading.ultimate-heading-938169e4a3a5a3c8b h2'  data-responsive-json-new='{\"font-size\":\"desktop:45px;tablet:40px;tablet_portrait:40px;mobile_landscape:34px;mobile:44px;\",\"line-height\":\"desktop:58px;tablet:48px;tablet_portrait:48px;mobile_landscape:52px;mobile:52px;\"}' ><h2 style=\"font-family:&#039;Open Sans&#039;;font-weight:800;margin-bottom:0px;\">15 DICAS VALIOSAS PARA COMUNICA\u00c7\u00c3O E MARKETING<\/h2><\/div><\/div><div class=\"ult-spacer spacer-69e4a3a5a3d60\" data-id=\"69e4a3a5a3d60\" data-height=\"20\" data-height-mobile=\"10\" data-height-tab=\"20\" data-height-tab-portrait=\"20\" data-height-mobile-landscape=\"10\" style=\"clear:both;display:block;\"><\/div><div id=\"ultimate-heading-143969e4a3a5a3d92\" class=\"uvc-heading ult-adjust-bottom-margin ultimate-heading-143969e4a3a5a3d92 uvc-4247 Bold-Normal\" data-hspacer=\"no_spacer\"  data-halign=\"left\" style=\"text-align:left\"><div class=\"uvc-heading-spacer no_spacer\" style=\"top\"><\/div><div class=\"uvc-sub-heading ult-responsive\"  data-ultimate-target='.uvc-heading.ultimate-heading-143969e4a3a5a3d92 .uvc-sub-heading '  data-responsive-json-new='{\"font-size\":\"desktop:20px;\",\"line-height\":\"desktop:34px;\"}'  style=\"font-family:&#039;Lato&#039;;font-weight:normal;\">Atualmente um dos assuntos mais comentados no pa\u00eds \u00e9 a economia. E isso vai desde a situa\u00e7\u00e3o geral do mercado at\u00e9 mesmo \u00e0 poupan\u00e7a do dinheiro no seu bolso. Seja qual for sua \u00e1rea de atua\u00e7\u00e3o esse \u00e9 o momento de saber como melhor investir em sua carreira e seus neg\u00f3cios para otimizar os resultados e ter o melhor proveito diante de seu custo-benef\u00edcio.<\/p>\n<p>Como em toda crise financeira, ap\u00f3s a baixa, a economia tende a se reerguer e alavancar junto todos \u00e0queles que conseguiram se manter constantes ou crescentes em uma \u00e9poca mais escassa. Pode at\u00e9 ser considerado que um dos fatores cruciais para o sucesso profissional se d\u00e1 pela adapta\u00e7\u00e3o e desenvolvimento em situa\u00e7\u00f5es adversas, como por exemplo, em uma crise econ\u00f4mica..<\/p>\n<p>Diante desse cen\u00e1rio, o Grupo Comunique-se reuniu dicas valiosas de comunica\u00e7\u00e3o e marketing para voc\u00ea tirar proveito em \u00e9poca de crise, e o melhor, investindo pouco ou em muitos casos, nada! \u00c9 um material rico de informa\u00e7\u00f5es para que voc\u00ea possa tirar o melhor proveito e se destacar num mercado cada vez mais disputado de bons talentos e neg\u00f3cios sustent\u00e1veis.<\/div><\/div>[vc_row_inner][vc_column_inner width=&#8221;11\/12&#8243;]<div class=\"ult-spacer spacer-69e4a3a5a3dcd\" data-id=\"69e4a3a5a3dcd\" data-height=\"4\" data-height-mobile=\"8\" data-height-tab=\"8\" data-height-tab-portrait=\"8\" data-height-mobile-landscape=\"8\" style=\"clear:both;display:block;\"><\/div><div class=\"uavc-list-icon uavc-list-icon-wrapper ult-adjust-bottom-margin   vc_custom_1516740336338  vc_custom_1516740336338\"><ul class=\"uavc-list\"><\/ul><\/div>[vc_single_image image=&#8221;15792&#8243; img_size=&#8221;full&#8221; css_animation=&#8221;fadeInLeft&#8221; image_hovers=&#8221;false&#8221;][\/vc_column_inner][vc_column_inner width=&#8221;1\/12&#8243; offset=&#8221;vc_hidden-sm vc_hidden-xs&#8221;][\/vc_column_inner][\/vc_row_inner][\/vc_column][vc_column width=&#8221;1\/3&#8243; el_id=&#8221;form&#8221;]<div class=\"ult-spacer spacer-69e4a3a5a3e0e\" data-id=\"69e4a3a5a3e0e\" data-height=\"20\" data-height-mobile=\"10\" data-height-tab=\"20\" data-height-tab-portrait=\"20\" data-height-mobile-landscape=\"10\" style=\"clear:both;display:block;\"><\/div><div class=\"ult-content-box-container \" >\t\t<div class=\"ult-content-box\" style=\"background-color:#ffffff;box-shadow: 3px 2px 20px 3px rgba(0,0,0,0.16) ;border-style:solid;border-width:0px;border-radius:22px;padding-top:0px;padding-right:14px;padding-bottom:0px;padding-left:14px;min-height:480px;-webkit-transition: all 700ms ease;-moz-transition: all 700ms ease;-ms-transition: all 700ms ease;-o-transition: all 700ms ease;transition: all 700ms ease;\"  data-hover_box_shadow=\" 3px 2px 20px 3px rgba(0,0,0,0.3) \"     data-bg=\"#ffffff\"  data-border_color=\"\" >[vc_row_inner el_class=&#8221;border-radius&#8221; css=&#8221;.vc_custom_1604003599163{background-color: #ff6a00 !important;}&#8221;][vc_column_inner el_class=&#8221;border-radius&#8221; css=&#8221;.vc_custom_1599169665689{margin-top: 0px !important;margin-right: 0px !important;margin-bottom: 0px !important;margin-left: 0px !important;border-top-width: 0px !important;border-right-width: 0px !important;border-bottom-width: 0px !important;border-left-width: 0px !important;padding-top: 0px !important;padding-right: 22px !important;padding-bottom: 0px !important;padding-left: 22px !important;}&#8221;]<div class=\"ult-spacer spacer-69e4a3a5a3f5d\" data-id=\"69e4a3a5a3f5d\" data-height=\"8\" data-height-mobile=\"8\" data-height-tab=\"8\" data-height-tab-portrait=\"8\" data-height-mobile-landscape=\"8\" style=\"clear:both;display:block;\"><\/div><div id=\"ultimate-heading-498069e4a3a5a3f9c\" class=\"uvc-heading ult-adjust-bottom-margin ultimate-heading-498069e4a3a5a3f9c uvc-941 \" data-hspacer=\"no_spacer\"  data-halign=\"center\" style=\"text-align:center\"><div class=\"uvc-heading-spacer no_spacer\" style=\"top\"><\/div><div class=\"uvc-main-heading ult-responsive\"  data-ultimate-target='.uvc-heading.ultimate-heading-498069e4a3a5a3f9c h2'  data-responsive-json-new='{\"font-size\":\"desktop:24px;\",\"line-height\":\"desktop:38px;\"}' ><h2 style=\"font-family:&#039;Lato&#039;;font-weight:900;color:#ffffff;margin-bottom:8px;\">Acesso gratuito e imediato<\/h2><\/div><\/div>[\/vc_column_inner][\/vc_row_inner][vc_row_inner][vc_column_inner css=&#8221;.vc_custom_1599167233556{margin-top: 0px !important;margin-right: 0px !important;margin-left: 0px !important;border-top-width: 0px !important;border-right-width: 0px !important;border-left-width: 0px !important;padding-top: 0px !important;padding-right: 25px !important;padding-left: 25px !important;}&#8221;][vc_raw_js]JTNDZGl2JTIwcm9sZSUzRCUyMm1haW4lMjIlMjBpZCUzRCUyMmxwLTE1LWRpY2FzLW1hdGFkb3Jhcy1wYXJhLWNvbXVuaWNhY2FvLWFtcC1tYXJrZXRpbmctMGQ4YzkzOWIyZmIxYTM3ODY3ZDUlMjIlM0UlM0MlMkZkaXYlM0UlM0NzY3JpcHQlMjB0eXBlJTNEJTIydGV4dCUyRmphdmFzY3JpcHQlMjIlMjBzcmMlM0QlMjJodHRwcyUzQSUyRiUyRmQzMzVsdXVwdWdzeTIuY2xvdWRmcm9udC5uZXQlMkZqcyUyRnJkc3RhdGlvbi1mb3JtcyUyRnN0YWJsZSUyRnJkc3RhdGlvbi1mb3Jtcy5taW4uanMlMjIlM0UlM0MlMkZzY3JpcHQlM0UlM0NzY3JpcHQlMjB0eXBlJTNEJTIydGV4dCUyRmphdmFzY3JpcHQlMjIlM0UlMjBuZXclMjBSRFN0YXRpb25Gb3JtcyUyOCUyN2xwLTE1LWRpY2FzLW1hdGFkb3Jhcy1wYXJhLWNvbXVuaWNhY2FvLWFtcC1tYXJrZXRpbmctMGQ4YzkzOWIyZmIxYTM3ODY3ZDUlMjclMkMlMjAlMjdVQS0zMDU3Nzc3MC0yJTI3JTI5LmNyZWF0ZUZvcm0lMjglMjklM0IlM0MlMkZzY3JpcHQlM0U=[\/vc_raw_js][\/vc_column_inner][\/vc_row_inner]\t\t<\/div><\/div><div class=\"ult-spacer spacer-69e4a3a5a3ff9\" data-id=\"69e4a3a5a3ff9\" data-height=\"30\" data-height-mobile=\"30\" data-height-tab=\"30\" data-height-tab-portrait=\"30\" data-height-mobile-landscape=\"30\" style=\"clear:both;display:block;\"><\/div>[vc_column_text]<\/p>\n<p style=\"font-size: 12px; line-height: 16px;\">O respons\u00e1vel pelo tratamento dos seus dados pessoais \u00e9 a Comunique-se S\/A. Estes dados ser\u00e3o utilizados para lhe enviar informativos sobre os nossos servi\u00e7os, al\u00e9m de utilizarmos para efeitos estat\u00edsticos. Para mais informa\u00e7\u00f5es sobre como utilizaremos os dados, por favor consulte a nossa\u00a0<a href=\"https:\/\/institucional.comunique-se.com.br\/politica-de-privacidade\/\">Pol\u00edtica de Privacidade<\/a>. Ao utilizar este formul\u00e1rio voc\u00ea concorda com a nossa Pol\u00edtica. A Comunique-se S\/A pode compartilhar estes dados com outras marcas do Grupo Comunique-se para a mesma finalidade. Caso deseje se desinscrever, voc\u00ea pode faz\u00ea-lo a partir de algum e-mail j\u00e1 recebido (atrav\u00e9s da fun\u00e7\u00e3o descadastrar) ou nos contatando a partir do e-mail <a href=\"mailto:marketing@comunique-se.com.br\">marketing@comunique-se.com.br<\/a>. Para exercer os seus direitos de usu\u00e1rio para retifica\u00e7\u00e3o ou remo\u00e7\u00e3o dos dados sens\u00edveis, contate-nos atrav\u00e9s do e-mail <a href=\"mailto:dpo@comunique-se.com.br\">dpo@comunique-se.com.br<\/a><\/p>\n<p>[\/vc_column_text]<div class=\"ult-spacer spacer-69e4a3a5a400d\" data-id=\"69e4a3a5a400d\" data-height=\"30\" data-height-mobile=\"30\" data-height-tab=\"30\" data-height-tab-portrait=\"30\" data-height-mobile-landscape=\"30\" style=\"clear:both;display:block;\"><\/div>[\/vc_column][\/vc_row][\/vc_section][vc_section][vc_row][vc_column][\/vc_column][\/vc_row][\/vc_section]<\/p>\n","protected":false},"excerpt":{"rendered":"<p>[vc_section full_width=&#8221;stretch_row&#8221; content_placement=&#8221;middle&#8221; el_class=&#8221;background-no-repeat&#8221;][vc_row content_placement=&#8221;middle&#8221; bg_type=&#8221;grad&#8221; bg_override=&#8221;full&#8221; bg_grad=&#8221;background: -webkit-gradient(linear, left top, left bottom, color-stop(0%, #FFA826), color-stop(100%, #EB4A00));background: -moz-linear-gradient(left,#FFA826 0%,#EB4A00 100%);background: -webkit-linear-gradient(left,#FFA826 0%,#EB4A00 100%);background: -o-linear-gradient(left,#FFA826 0%,#EB4A00 100%);background: -ms-linear-gradient(left,#FFA826 0%,#EB4A00 100%);background: linear-gradient(left,#FFA826 0%,#EB4A00 100%);&#8221;][vc_column width=&#8221;1\/5&#8243; css=&#8221;.vc_custom_1585766457197{margin-right: 0px !important;margin-bottom: 0px !important;margin-left: 0px !important;border-right-width: 0px !important;border-bottom-width: 0px !important;border-left-width: 0px !important;padding-right: 0px !important;padding-bottom: 0px !important;padding-left: 0px !important;}&#8221;][vc_column_text el_class=&#8221;img-center-mobile&#8221;][\/vc_column_text][\/vc_column][\/vc_row][vc_row content_placement=&#8221;top&#8221;][vc_column width=&#8221;2\/3&#8243;&hellip;<\/p>\n","protected":false},"author":20,"featured_media":13873,"parent":0,"menu_order":8,"comment_status":"closed","ping_status":"closed","template":"template-microsite.php","meta":{"footnotes":"","_links_to":"","_links_to_target":""},"yst_prominent_words":[],"class_list":["post-15781","page","type-page","status-publish","has-post-thumbnail","hentry","description-off"],"_links":{"self":[{"href":"https:\/\/comunique-se.com.br\/blog\/wp-json\/wp\/v2\/pages\/15781","targetHints":{"allow":["GET"]}}],"collection":[{"href":"https:\/\/comunique-se.com.br\/blog\/wp-json\/wp\/v2\/pages"}],"about":[{"href":"https:\/\/comunique-se.com.br\/blog\/wp-json\/wp\/v2\/types\/page"}],"author":[{"embeddable":true,"href":"https:\/\/comunique-se.com.br\/blog\/wp-json\/wp\/v2\/users\/20"}],"replies":[{"embeddable":true,"href":"https:\/\/comunique-se.com.br\/blog\/wp-json\/wp\/v2\/comments?post=15781"}],"version-history":[{"count":1,"href":"https:\/\/comunique-se.com.br\/blog\/wp-json\/wp\/v2\/pages\/15781\/revisions"}],"predecessor-version":[{"id":18591,"href":"https:\/\/comunique-se.com.br\/blog\/wp-json\/wp\/v2\/pages\/15781\/revisions\/18591"}],"wp:featuredmedia":[{"embeddable":true,"href":"https:\/\/comunique-se.com.br\/blog\/wp-json\/wp\/v2\/media\/13873"}],"wp:attachment":[{"href":"https:\/\/comunique-se.com.br\/blog\/wp-json\/wp\/v2\/media?parent=15781"}],"wp:term":[{"taxonomy":"yst_prominent_words","embeddable":true,"href":"https:\/\/comunique-se.com.br\/blog\/wp-json\/wp\/v2\/yst_prominent_words?post=15781"}],"curies":[{"name":"wp","href":"https:\/\/api.w.org\/{rel}","templated":true}]}}