{"id":14767,"date":"2021-05-12T17:35:47","date_gmt":"2021-05-12T20:35:47","guid":{"rendered":"https:\/\/comunique-se.com.br\/blog\/?page_id=14767"},"modified":"2025-01-20T09:12:49","modified_gmt":"2025-01-20T12:12:49","slug":"inscricao-mailing-de-jornalistas","status":"publish","type":"page","link":"https:\/\/comunique-se.com.br\/blog\/inscricao-mailing-de-jornalistas\/","title":{"rendered":"INSCRI\u00c7\u00c3O NO MAILING DE JORNALISTAS"},"content":{"rendered":"<p>[vc_section full_width=&#8221;stretch_row&#8221; content_placement=&#8221;middle&#8221; css=&#8221;.vc_custom_1611162715928{background-color: #f7f7f7 !important;}&#8221; el_class=&#8221;background-no-repeat&#8221;][vc_row content_placement=&#8221;middle&#8221; bg_type=&#8221;grad&#8221; bg_override=&#8221;full&#8221; css=&#8221;.vc_custom_1583183765810{margin-top: -36px !important;}&#8221; bg_grad=&#8221;background: -webkit-gradient(linear, left top, left bottom, color-stop(0%, #FFA826), color-stop(100%, #EB4A00));background: -moz-linear-gradient(left,#FFA826 0%,#EB4A00 100%);background: -webkit-linear-gradient(left,#FFA826 0%,#EB4A00 100%);background: -o-linear-gradient(left,#FFA826 0%,#EB4A00 100%);background: -ms-linear-gradient(left,#FFA826 0%,#EB4A00 100%);background: linear-gradient(left,#FFA826 0%,#EB4A00 100%);&#8221;][vc_column width=&#8221;1\/3&#8243; css=&#8221;.vc_custom_1515761320204{margin: 0px !important;border-width: 0px !important;padding: 0px !important;}&#8221;][vc_single_image image=&#8221;18271&#8243; img_size=&#8221;full&#8221; onclick=&#8221;custom_link&#8221; image_hovers=&#8221;false&#8221; css=&#8221;.vc_custom_1737375178903{margin-top: 0px !important;margin-right: 0px !important;margin-bottom: 0px !important;margin-left: 0px !important;border-top-width: 0px !important;border-right-width: 0px !important;border-bottom-width: 0px !important;border-left-width: 0px !important;padding-top: 10px !important;padding-right: 0px !important;padding-bottom: 12px !important;padding-left: 0px !important;}&#8221; link=&#8221;https:\/\/comunique-se.com.br\/blog&#8221; el_class=&#8221;img-center-mobile&#8221;][\/vc_column][vc_column width=&#8221;1\/3&#8243; css=&#8221;.vc_custom_1515761343915{margin: 0px !important;border-width: 0px !important;padding: 0px !important;}&#8221;][\/vc_column][vc_column width=&#8221;1\/3&#8243; css=&#8221;.vc_custom_1515762234526{margin: 0px !important;border-width: 0px !important;padding: 0px !important;}&#8221;][vc_raw_html css=&#8221;.vc_custom_1642537657997{padding-top: 28px !important;}&#8221;][\/vc_raw_html][\/vc_column][\/vc_row][vc_row content_placement=&#8221;top&#8221; el_id=&#8221;form&#8221;][vc_column width=&#8221;7\/12&#8243; el_class=&#8221;menos-padding-laptop&#8221;]<div class=\"ult-spacer spacer-69eff2c485269\" data-id=\"69eff2c485269\" data-height=\"10\" data-height-mobile=\"10\" data-height-tab=\"10\" data-height-tab-portrait=\"10\" data-height-mobile-landscape=\"10\" style=\"clear:both;display:block;\"><\/div><div id=\"ultimate-heading-835269eff2c4852a4\" class=\"uvc-heading ult-adjust-bottom-margin ultimate-heading-835269eff2c4852a4 uvc-3022 \" data-hspacer=\"no_spacer\"  data-halign=\"left\" style=\"text-align:left\"><div class=\"uvc-heading-spacer no_spacer\" style=\"top\"><\/div><div class=\"uvc-main-heading ult-responsive\"  data-ultimate-target='.uvc-heading.ultimate-heading-835269eff2c4852a4 h1'  data-responsive-json-new='{\"font-size\":\"desktop:18px;tablet:18px;tablet_portrait:18px;mobile_landscape:18px;mobile:18px;\",\"line-height\":\"desktop:24px;tablet:24px;tablet_portrait:24px;mobile_landscape:24px;mobile:24px;\"}' ><h1 style=\"font-family:&#039;Lato&#039;;font-weight:900;color:#e47b23;margin-bottom:2px;\">COMUNIQUE-SE 360<\/h1><\/div><\/div><div id=\"ultimate-heading-118669eff2c485302\" class=\"uvc-heading ult-adjust-bottom-margin ultimate-heading-118669eff2c485302 uvc-4924 Bold-Normal\" data-hspacer=\"no_spacer\"  data-halign=\"left\" style=\"text-align:left\"><div class=\"uvc-heading-spacer no_spacer\" style=\"top\"><\/div><div class=\"uvc-main-heading ult-responsive\"  data-ultimate-target='.uvc-heading.ultimate-heading-118669eff2c485302 h2'  data-responsive-json-new='{\"font-size\":\"desktop:50px;tablet:40px;tablet_portrait:40px;mobile_landscape:34px;mobile:44px;\",\"line-height\":\"desktop:58px;tablet:48px;tablet_portrait:48px;mobile_landscape:52px;mobile:52px;\"}' ><h2 style=\"font-family:&#039;Lato&#039;;font-weight:300;\">Fa\u00e7a parte da maior <strong>comunidade de jornalistas<\/strong> do Brasil<\/h2><\/div><\/div><div class=\"ult-spacer spacer-69eff2c48532f\" data-id=\"69eff2c48532f\" data-height=\"46\" data-height-mobile=\"40\" data-height-tab=\"26\" data-height-tab-portrait=\"26\" data-height-mobile-landscape=\"40\" style=\"clear:both;display:block;\"><\/div>[vc_row_inner][vc_column_inner width=&#8221;11\/12&#8243;]<div class=\"uavc-list-icon uavc-list-icon-wrapper ult-adjust-bottom-margin   vc_custom_1611162884380  vc_custom_1611162884380\"><ul class=\"uavc-list\"><li><div class=\"uavc-list-content\" id=\"list-icon-wrap-4890\">\n<div class=\"uavc-list-icon uavc-list-content-Maior \" data-animation=\"\" data-animation-delay=\"03\" style=\"margin-right:10px;\"><div class=\"ult-just-icon-wrapper  \"><div class=\"align-icon\" style=\"text-align:center;\">\n<div class=\"aio-icon none \"  style=\"color:#333333;font-size:30px;display:inline-block;\">\n\t<i class=\"fas fa-puzzle-piece\"><\/i>\n<\/div><\/div><\/div>\n<\/div><span  data-ultimate-target='#list-icon-wrap-4890 .uavc-list-desc'  data-responsive-json-new='{\"font-size\":\"\",\"line-height\":\"\"}'  class=\"uavc-list-desc ult-responsive\" style=\"\"><\/p>\n<table>\n<tbody>\n<tr>\n<td style=\"vertical-align: top;\" width=\"60%\"><strong>Por que fazer parte?<\/strong><br \/>\n<span style=\"font-weight: 400;\">O Comunique-se 360 possui a maior comunidade de jornalistas no Brasil, uma importante marca alcan\u00e7ada atrav\u00e9s do trabalho constante de atualiza\u00e7\u00e3o e inser\u00e7\u00e3o de novos profissionais. Criado no come\u00e7o de 2001 com o objetivo de construir a maior comunidade de profissionais de imprensa no pa\u00eds, o objetivo foi rapidamente alcan\u00e7ado e o Grupo se mant\u00e9m como l\u00edder do segmento ano ap\u00f3s ano. <\/span><span style=\"font-weight: 400;\">Em seguida foi criado o Pr\u00eamio Comunique-se, at\u00e9 hoje conhecido como &#8220;Oscar do Jornalismo Brasileiro&#8221; \u2014 o que ressalta todo nosso envolvimento na causa. <\/span><span style=\"font-weight: 400;\">\u00c9 pensando em facilitar a rotina do jornalista que o Comunique-se disponibiliza pautas relevantes para publica\u00e7\u00e3o em ve\u00edculos de todo o pa\u00eds.<\/span><\/td>\n<td style=\"vertical-align: top;\" width=\"40%\">&nbsp;<\/p>\n<p>&nbsp;<\/p>\n<p><img loading=\"lazy\" decoding=\"async\" class=\"aligncenter wp-image-14776\" style=\"margin-top: -50px;\" src=\"https:\/\/comunique-se.com.br\/blog\/wp-content\/uploads\/2021\/05\/Design-sem-nome-69-300x300.png\" alt=\"\" width=\"250\" height=\"250\" srcset=\"https:\/\/comunique-se.com.br\/blog\/wp-content\/uploads\/2021\/05\/Design-sem-nome-69-300x300.png 300w, https:\/\/comunique-se.com.br\/blog\/wp-content\/uploads\/2021\/05\/Design-sem-nome-69-150x150.png 150w, https:\/\/comunique-se.com.br\/blog\/wp-content\/uploads\/2021\/05\/Design-sem-nome-69.png 400w\" sizes=\"auto, (max-width: 250px) 100vw, 250px\" \/><\/td>\n<\/tr>\n<\/tbody>\n<\/table>\n<p><\/span><\/div><\/li><li><div class=\"uavc-list-content\" id=\"list-icon-wrap-2166\">\n<div class=\"uavc-list-icon uavc-list-content-Maior \" data-animation=\"\" data-animation-delay=\"03\" style=\"margin-right:10px;\"><div class=\"ult-just-icon-wrapper  \"><div class=\"align-icon\" style=\"text-align:center;\">\n<div class=\"aio-icon none \"  style=\"color:#333333;font-size:30px;display:inline-block;\">\n\t<i class=\"dt-icon-the7-refresh-07\"><\/i>\n<\/div><\/div><\/div>\n<\/div><span  data-ultimate-target='#list-icon-wrap-2166 .uavc-list-desc'  data-responsive-json-new='{\"font-size\":\"\",\"line-height\":\"\"}'  class=\"uavc-list-desc ult-responsive\" style=\"\"><\/p>\n<table>\n<tbody>\n<tr>\n<td style=\"vertical-align: top;\" width=\"60%\"><strong>Receba conte\u00fados de qualidade<\/strong><br \/>\n<span style=\"font-weight: 400;\">Ao manter os dados do seu ve\u00edculo atualizados em nossa comunidade, voc\u00ea garante que continuar\u00e1 recebendo conte\u00fados importantes e sugest\u00f5es de pautas de acordo com sua \u00e1rea de atua\u00e7\u00e3o. Temos um time de especialistas prontos para lhe ajudar \u2014 entre em contato conosco para atualizar seus dados sempre que necess\u00e1rio!<\/span><\/td>\n<td style=\"vertical-align: top;\" width=\"40%\"><img loading=\"lazy\" decoding=\"async\" class=\"alignright wp-image-14778\" style=\"margin-top: -50px;\" src=\"https:\/\/comunique-se.com.br\/blog\/wp-content\/uploads\/2021\/05\/Design-sem-nome-71-e1621285042763.png\" alt=\"\" width=\"250\" height=\"250\" \/><\/td>\n<\/tr>\n<\/tbody>\n<\/table>\n<p><\/span><\/div><\/li><li><div class=\"uavc-list-content\" id=\"list-icon-wrap-2194\">\n<div class=\"uavc-list-icon uavc-list-content-Maior \" data-animation=\"\" data-animation-delay=\"03\" style=\"margin-right:10px;\"><div class=\"ult-just-icon-wrapper  \"><div class=\"align-icon\" style=\"text-align:center;\">\n<div class=\"aio-icon none \"  style=\"color:#333333;font-size:30px;display:inline-block;\">\n\t<i class=\"fas fa-lock\"><\/i>\n<\/div><\/div><\/div>\n<\/div><span  data-ultimate-target='#list-icon-wrap-2194 .uavc-list-desc'  data-responsive-json-new='{\"font-size\":\"\",\"line-height\":\"\"}'  class=\"uavc-list-desc ult-responsive\" style=\"\"><\/p>\n<table>\n<tbody>\n<tr>\n<td style=\"vertical-align: top;\" width=\"60%\"><strong>Respeito \u00e0 privacidade<\/strong><br \/>\n<span style=\"font-weight: 400;\">Nosso principal objetivo, desde o in\u00edcio de nossa exist\u00eancia, foi sempre o de prestigiar o jornalismo e o respeito pelos profissionais da \u00e1rea. Por isso, iremos SEMPRE resguardar a privacidade dos dados daqueles que fazem parte de nossa comunidade. <\/span><span style=\"font-weight: 400;\">Voc\u00ea pode, a qualquer momento, solicitar a retirada ou a atualiza\u00e7\u00e3o dos seus dados conosco, por e-mail, formul\u00e1rio ou telefone.<\/span><strong>Venha fazer parte da maior comunidade de jornalismo no Brasil voc\u00ea tamb\u00e9m!<\/strong><\/td>\n<td style=\"vertical-align: top;\" width=\"40%\"><img loading=\"lazy\" decoding=\"async\" class=\"alignright wp-image-14780\" style=\"margin-top: -50px;\" src=\"https:\/\/comunique-se.com.br\/blog\/wp-content\/uploads\/2021\/05\/Design-sem-nome-73-e1621285075287.png\" alt=\"\" width=\"250\" height=\"250\" \/><\/td>\n<\/tr>\n<\/tbody>\n<\/table>\n<p><\/span><\/div><\/li><\/ul><\/div>[vc_column_text]<a href=\"#form\"><img loading=\"lazy\" decoding=\"async\" class=\"alignnone size-full wp-image-14781\" src=\"https:\/\/comunique-se.com.br\/blog\/wp-content\/uploads\/2021\/05\/botao-Inscreva-se-Agora.png\" alt=\"\" width=\"307\" height=\"63\" srcset=\"https:\/\/comunique-se.com.br\/blog\/wp-content\/uploads\/2021\/05\/botao-Inscreva-se-Agora.png 307w, https:\/\/comunique-se.com.br\/blog\/wp-content\/uploads\/2021\/05\/botao-Inscreva-se-Agora-300x62.png 300w\" sizes=\"auto, (max-width: 307px) 100vw, 307px\" \/><\/a>[\/vc_column_text][\/vc_column_inner][vc_column_inner width=&#8221;1\/12&#8243; offset=&#8221;vc_hidden-sm vc_hidden-xs&#8221;][\/vc_column_inner][\/vc_row_inner][\/vc_column][vc_column width=&#8221;5\/12&#8243;]<div class=\"ult-spacer spacer-69eff2c48563e\" data-id=\"69eff2c48563e\" data-height=\"20\" data-height-mobile=\"10\" data-height-tab=\"20\" data-height-tab-portrait=\"20\" data-height-mobile-landscape=\"10\" style=\"clear:both;display:block;\"><\/div><div class=\"ult-content-box-container \" >\t\t<div class=\"ult-content-box\" style=\"background-color:#ffffff;box-shadow: 3px 2px 20px 3px rgba(0,0,0,0.16) ;border-style:solid;border-width:0px;border-radius:22px;padding-top:0px;padding-right:14px;padding-bottom:0px;padding-left:14px;min-height:480px;-webkit-transition: all 700ms ease;-moz-transition: all 700ms ease;-ms-transition: all 700ms ease;-o-transition: all 700ms ease;transition: all 700ms ease;\"  data-hover_box_shadow=\"none\"     data-bg=\"#ffffff\"  data-border_color=\"\" >[vc_row_inner el_class=&#8221;border-radius-Contato&#8221; css=&#8221;.vc_custom_1555360557621{background-color: #e47b23 !important;}&#8221;][vc_column_inner css=&#8221;.vc_custom_1516736125048{margin-top: 0px !important;margin-right: 0px !important;margin-bottom: 0px !important;margin-left: 0px !important;border-top-width: 0px !important;border-right-width: 0px !important;border-bottom-width: 0px !important;border-left-width: 0px !important;padding-top: 0px !important;padding-right: 22px !important;padding-bottom: 0px !important;padding-left: 22px !important;}&#8221;]<div class=\"ult-spacer spacer-69eff2c4856e0\" data-id=\"69eff2c4856e0\" data-height=\"20\" data-height-mobile=\"10\" data-height-tab=\"20\" data-height-tab-portrait=\"20\" data-height-mobile-landscape=\"10\" style=\"clear:both;display:block;\"><\/div><div id=\"ultimate-heading-180869eff2c48570c\" class=\"uvc-heading ult-adjust-bottom-margin ultimate-heading-180869eff2c48570c uvc-1585 \" data-hspacer=\"line_only\"  data-halign=\"center\" style=\"text-align:center\"><div class=\"uvc-main-heading ult-responsive\"  data-ultimate-target='.uvc-heading.ultimate-heading-180869eff2c48570c h2'  data-responsive-json-new='{\"font-size\":\"desktop:24px;\",\"line-height\":\"desktop:34px;\"}' ><h2 style=\"font-family:&#039;Lato&#039;;font-weight:900;color:#ffffff;margin-bottom:20px;\">CADASTRE SEU VE\u00cdCULO<\/h2><\/div><div class=\"uvc-heading-spacer line_only\" style=\"margin-bottom:15px;height:1px;\"><span class=\"uvc-headings-line\" style=\"border-style:solid;border-bottom-width:1px;border-color:#ffffff;width:80px;\"><\/span><\/div><div class=\"uvc-sub-heading ult-responsive\"  data-ultimate-target='.uvc-heading.ultimate-heading-180869eff2c48570c .uvc-sub-heading '  data-responsive-json-new='{\"font-size\":\"desktop:18px;\",\"line-height\":\"desktop:28px;\"}'  style=\"font-family:&#039;Lato&#039;;font-weight:normal;color:#ffffff;margin-bottom:25px;\">Cadastre seu ve\u00edculo para receber <strong>not\u00edcias de todo o Brasil.<\/strong><\/div><\/div>[\/vc_column_inner][\/vc_row_inner][vc_row_inner css=&#8221;.vc_custom_1611163190270{padding-right: 2px !important;}&#8221;][vc_column_inner css=&#8221;.vc_custom_1516736417282{margin-top: 0px !important;margin-right: 0px !important;margin-left: 0px !important;border-top-width: 0px !important;border-right-width: 0px !important;border-left-width: 0px !important;padding-top: 0px !important;padding-right: 22px !important;padding-left: 32px !important;}&#8221;][vc_raw_js el_id=&#8221;formHs-LMP&#8221;]JTNDYnIlMjAlMkYlM0UlMEElM0NzY3JpcHQlMjBjaGFyc2V0JTNEJTIydXRmLTglMjIlMjB0eXBlJTNEJTIydGV4dCUyRmphdmFzY3JpcHQlMjIlMjBzcmMlM0QlMjIlMkYlMkZqcy5oc2Zvcm1zLm5ldCUyRmZvcm1zJTJGZW1iZWQlMkZ2Mi5qcyUyMiUzRSUzQyUyRnNjcmlwdCUzRSUwQSUzQ3NjcmlwdCUzRSUwQSUyMCUyMGhic3B0LmZvcm1zLmNyZWF0ZSUyOCU3QiUwQSUyMCUyMCUyMCUyMHJlZ2lvbiUzQSUyMCUyMm5hMSUyMiUyQyUwQSUyMCUyMCUyMCUyMHBvcnRhbElkJTNBJTIwJTIyNDQ0NTkyNDclMjIlMkMlMEElMjAlMjAlMjAlMjBmb3JtSWQlM0ElMjAlMjIyMTUzNGVhMS04YTY3LTRiYmUtYWQzNy0wZDBkODRlMzBjYjclMjIlMEElMjAlMjAlN0QlMjklM0IlMEElM0MlMkZzY3JpcHQlM0UlMEElM0NiciUyMCUyRiUzRQ==[\/vc_raw_js][\/vc_column_inner][\/vc_row_inner]\t\t<\/div><\/div><div class=\"ult-spacer spacer-69eff2c48574b\" data-id=\"69eff2c48574b\" data-height=\"30\" data-height-mobile=\"30\" data-height-tab=\"30\" data-height-tab-portrait=\"30\" data-height-mobile-landscape=\"30\" style=\"clear:both;display:block;\"><\/div>[vc_column_text]<\/p>\n<p style=\"font-size: 12px; line-height: 16px;\">O respons\u00e1vel pelo tratamento dos seus dados pessoais \u00e9 a Comunique-se S\/A. Estes dados ser\u00e3o utilizados para lhe enviar informativos e sugest\u00f5es de pautas relevantes e condizentes com as editorias do seu ve\u00edculo de atua\u00e7\u00e3o, al\u00e9m de utilizarmos para efeitos estat\u00edsticos. Para mais informa\u00e7\u00f5es sobre como utilizaremos os dados, por favor consulte a nossa <a href=\"https:\/\/institucional.comunique-se.com.br\/politica-de-privacidade\/\">Pol\u00edtica de Privacidade<\/a>. A Comunique-se S\/A pode compartilhar estes dados com outras marcas do Grupo Comunique-se para a mesma finalidade. Ao utilizar este formul\u00e1rio voc\u00ea concorda com a nossa Pol\u00edtica. Caso deseje se desinscrever, voc\u00ea pode faz\u00ea-lo a partir de algum e-mail j\u00e1 recebido (atrav\u00e9s da fun\u00e7\u00e3o descadastrar) ou nos contatando a partir do e-mail <a href=\"mailto:marketing@comunique-se.com.br\">pesquisa@comunique-se.com.br<\/a>. Para exercer os seus direitos de usu\u00e1rio para retifica\u00e7\u00e3o ou remo\u00e7\u00e3o dos dados sens\u00edveis, contate-nos atrav\u00e9s do e-mail <a href=\"mailto:dpo@comunique-se.com.br\">dpo@comunique-se.com.br<\/a><\/p>\n<p>[\/vc_column_text]<div class=\"ult-spacer spacer-69eff2c485757\" data-id=\"69eff2c485757\" data-height=\"30\" data-height-mobile=\"30\" data-height-tab=\"30\" data-height-tab-portrait=\"30\" data-height-mobile-landscape=\"30\" style=\"clear:both;display:block;\"><\/div>[\/vc_column][\/vc_row][\/vc_section][vc_section][\/vc_section]<\/p>\n","protected":false},"excerpt":{"rendered":"<p>[vc_section full_width=&#8221;stretch_row&#8221; content_placement=&#8221;middle&#8221; css=&#8221;.vc_custom_1611162715928{background-color: #f7f7f7 !important;}&#8221; el_class=&#8221;background-no-repeat&#8221;][vc_row content_placement=&#8221;middle&#8221; bg_type=&#8221;grad&#8221; bg_override=&#8221;full&#8221; css=&#8221;.vc_custom_1583183765810{margin-top: -36px !important;}&#8221; bg_grad=&#8221;background: -webkit-gradient(linear, left top, left bottom, color-stop(0%, #FFA826), color-stop(100%, #EB4A00));background: -moz-linear-gradient(left,#FFA826 0%,#EB4A00 100%);background: -webkit-linear-gradient(left,#FFA826 0%,#EB4A00 100%);background: -o-linear-gradient(left,#FFA826 0%,#EB4A00 100%);background: -ms-linear-gradient(left,#FFA826 0%,#EB4A00 100%);background: linear-gradient(left,#FFA826 0%,#EB4A00 100%);&#8221;][vc_column width=&#8221;1\/3&#8243; css=&#8221;.vc_custom_1515761320204{margin: 0px !important;border-width: 0px !important;padding: 0px !important;}&#8221;][vc_single_image image=&#8221;18271&#8243; img_size=&#8221;full&#8221; onclick=&#8221;custom_link&#8221; image_hovers=&#8221;false&#8221; css=&#8221;.vc_custom_1737375178903{margin-top: 0px !important;margin-right: 0px !important;margin-bottom:&hellip;<\/p>\n","protected":false},"author":20,"featured_media":0,"parent":0,"menu_order":8,"comment_status":"closed","ping_status":"closed","template":"template-microsite.php","meta":{"footnotes":"","_links_to":"","_links_to_target":""},"yst_prominent_words":[],"class_list":["post-14767","page","type-page","status-publish","hentry","description-off"],"_links":{"self":[{"href":"https:\/\/comunique-se.com.br\/blog\/wp-json\/wp\/v2\/pages\/14767","targetHints":{"allow":["GET"]}}],"collection":[{"href":"https:\/\/comunique-se.com.br\/blog\/wp-json\/wp\/v2\/pages"}],"about":[{"href":"https:\/\/comunique-se.com.br\/blog\/wp-json\/wp\/v2\/types\/page"}],"author":[{"embeddable":true,"href":"https:\/\/comunique-se.com.br\/blog\/wp-json\/wp\/v2\/users\/20"}],"replies":[{"embeddable":true,"href":"https:\/\/comunique-se.com.br\/blog\/wp-json\/wp\/v2\/comments?post=14767"}],"version-history":[{"count":4,"href":"https:\/\/comunique-se.com.br\/blog\/wp-json\/wp\/v2\/pages\/14767\/revisions"}],"predecessor-version":[{"id":18579,"href":"https:\/\/comunique-se.com.br\/blog\/wp-json\/wp\/v2\/pages\/14767\/revisions\/18579"}],"wp:attachment":[{"href":"https:\/\/comunique-se.com.br\/blog\/wp-json\/wp\/v2\/media?parent=14767"}],"wp:term":[{"taxonomy":"yst_prominent_words","embeddable":true,"href":"https:\/\/comunique-se.com.br\/blog\/wp-json\/wp\/v2\/yst_prominent_words?post=14767"}],"curies":[{"name":"wp","href":"https:\/\/api.w.org\/{rel}","templated":true}]}}