{"id":14206,"date":"2021-02-02T10:47:34","date_gmt":"2021-02-02T13:47:34","guid":{"rendered":"https:\/\/comunique-se.com.br\/blog\/?page_id=14206"},"modified":"2021-02-05T10:44:48","modified_gmt":"2021-02-05T13:44:48","slug":"lancamento-clipping","status":"publish","type":"page","link":"https:\/\/comunique-se.com.br\/blog\/lancamento-clipping\/","title":{"rendered":"Lan\u00e7amento Comunique-se 360 clipping"},"content":{"rendered":"<p>[vc_section full_width=&#8221;stretch_row&#8221; content_placement=&#8221;middle&#8221; el_class=&#8221;background-no-repeat&#8221;][vc_row content_placement=&#8221;middle&#8221; bg_type=&#8221;grad&#8221; bg_override=&#8221;full&#8221; bg_grad=&#8221;background: -webkit-gradient(linear, left top, left bottom, color-stop(0%, #333333), color-stop(100%, #2A2A2A));background: -moz-linear-gradient(left,#333333 0%,#2A2A2A 100%);background: -webkit-linear-gradient(left,#333333 0%,#2A2A2A 100%);background: -o-linear-gradient(left,#333333 0%,#2A2A2A 100%);background: -ms-linear-gradient(left,#333333 0%,#2A2A2A 100%);background: linear-gradient(left,#333333 0%,#2A2A2A 100%);&#8221;][vc_column width=&#8221;1\/4&#8243; css=&#8221;.vc_custom_1585766457197{margin-right: 0px !important;margin-bottom: 0px !important;margin-left: 0px !important;border-right-width: 0px !important;border-bottom-width: 0px !important;border-left-width: 0px !important;padding-right: 0px !important;padding-bottom: 0px !important;padding-left: 0px !important;}&#8221;][vc_column_text el_class=&#8221;img-center-mobile&#8221;]<img loading=\"lazy\" decoding=\"async\" class=\"alignnone wp-image-14236 size-medium\" src=\"https:\/\/comunique-se.com.br\/blog\/wp-content\/uploads\/2021\/02\/360_clipping-300x74.png\" alt=\"\" width=\"300\" height=\"74\" srcset=\"https:\/\/comunique-se.com.br\/blog\/wp-content\/uploads\/2021\/02\/360_clipping-300x74.png 300w, https:\/\/comunique-se.com.br\/blog\/wp-content\/uploads\/2021\/02\/360_clipping.png 760w\" sizes=\"auto, (max-width: 300px) 100vw, 300px\" \/>[\/vc_column_text][\/vc_column][vc_column width=&#8221;1\/4&#8243; css=&#8221;.vc_custom_1585769930530{margin-right: 0px !important;margin-bottom: 0px !important;margin-left: 0px !important;border-right-width: 0px !important;border-bottom-width: 0px !important;border-left-width: 0px !important;padding-right: 0px !important;padding-bottom: 0px !important;padding-left: 0px !important;}&#8221;][\/vc_column][vc_column width=&#8221;1\/4&#8243;][\/vc_column][vc_column width=&#8221;1\/4&#8243;][\/vc_column][\/vc_row][vc_row content_placement=&#8221;top&#8221;][vc_column width=&#8221;2\/3&#8243; el_class=&#8221;menos-padding-laptop&#8221;]<div class=\"ult-spacer spacer-69d0d85671bc0\" data-id=\"69d0d85671bc0\" data-height=\"10\" data-height-mobile=\"10\" data-height-tab=\"10\" data-height-tab-portrait=\"10\" data-height-mobile-landscape=\"10\" style=\"clear:both;display:block;\"><\/div><div id=\"ultimate-heading-171069d0d85671c14\" class=\"uvc-heading ult-adjust-bottom-margin ultimate-heading-171069d0d85671c14 uvc-3728 \" data-hspacer=\"no_spacer\"  data-halign=\"left\" style=\"text-align:left\"><div class=\"uvc-heading-spacer no_spacer\" style=\"top\"><\/div><div class=\"uvc-main-heading ult-responsive\"  data-ultimate-target='.uvc-heading.ultimate-heading-171069d0d85671c14 h1'  data-responsive-json-new='{\"font-size\":\"desktop:24px;tablet:24px;tablet_portrait:24px;mobile_landscape:24px;mobile:24px;\",\"line-height\":\"desktop:28px;tablet:28px;tablet_portrait:28px;mobile_landscape:28px;mobile:28px;\"}' ><h1 style=\"font-family:&#039;Lato&#039;;font-weight:900;color:#e47b23;margin-bottom:1px;\">LIVE DE LAN\u00c7AMENTO<\/h1><\/div><\/div><div id=\"ultimate-heading-303969d0d85671c7c\" class=\"uvc-heading ult-adjust-bottom-margin ultimate-heading-303969d0d85671c7c uvc-4268 Bold-Normal\" data-hspacer=\"no_spacer\"  data-halign=\"left\" style=\"text-align:left\"><div class=\"uvc-heading-spacer no_spacer\" style=\"top\"><\/div><div class=\"uvc-main-heading ult-responsive\"  data-ultimate-target='.uvc-heading.ultimate-heading-303969d0d85671c7c h2'  data-responsive-json-new='{\"font-size\":\"desktop:45px;tablet:40px;tablet_portrait:40px;mobile_landscape:34px;mobile:44px;\",\"line-height\":\"desktop:58px;tablet:48px;tablet_portrait:48px;mobile_landscape:52px;mobile:52px;\"}' ><h2 style=\"font-family:&#039;Lato&#039;;font-weight:300;margin-bottom:0px;\"><strong>NOVO CLIPPING DO COMUNIQUE-SE<\/strong><\/h2><\/div><\/div><div class=\"aio-icon-component  vc_custom_1612272232203   style_3\"><div id=\"Info-box-wrap-3274\" class=\"aio-icon-box left-icon\" style=\"\"  ><div class=\"aio-icon-left\"><div class=\"ult-just-icon-wrapper  \"><div class=\"align-icon\" style=\"text-align:center;\">\n<div class=\"aio-icon none \"  style=\"color:#333;font-size:32px;display:inline-block;\">\n\t<i class=\"far fa-calendar-alt\"><\/i>\n<\/div><\/div><\/div><\/div><div class=\"aio-ibd-block\"><div class=\"aio-icon-description ult-responsive\"  data-ultimate-target='#Info-box-wrap-3274 .aio-icon-description'  data-responsive-json-new='{\"font-size\":\"desktop:22px;\",\"line-height\":\"\"}'  style=\"font-weight:bold;color:#333333;\">25\/02\/2021 &#8211; 16H<\/div> <!-- description --><\/div> <!-- aio-ibd-block --><\/div> <!-- aio-icon-box --><\/div> <!-- aio-icon-component --><div id=\"ultimate-heading-974469d0d85671edb\" class=\"uvc-heading ult-adjust-bottom-margin ultimate-heading-974469d0d85671edb uvc-5305 Bold-Normal\" data-hspacer=\"no_spacer\"  data-halign=\"left\" style=\"text-align:left\"><div class=\"uvc-heading-spacer no_spacer\" style=\"top\"><\/div><div class=\"uvc-sub-heading ult-responsive\"  data-ultimate-target='.uvc-heading.ultimate-heading-974469d0d85671edb .uvc-sub-heading '  data-responsive-json-new='{\"font-size\":\"desktop:20px;\",\"line-height\":\"desktop:34px;\"}'  style=\"font-family:&#039;Lato&#039;;font-weight:normal;\">Voc\u00ea \u00e9 nosso convidado a conhecer, em primeira m\u00e3o, o lan\u00e7amento mais importante do ano do Comunique-se para o mercado de comunica\u00e7\u00e3o: o Clipping Comunique-se. Resultado de um amplo investimento em inova\u00e7\u00e3o. A solu\u00e7\u00e3o monitora dezenas de milhares de ve\u00edculos no Brasil e no mundo e traz, ainda, v\u00e1rias outras novidades.<\/div><\/div><div class=\"ult-spacer spacer-69d0d85671f29\" data-id=\"69d0d85671f29\" data-height=\"40\" data-height-mobile=\"40\" data-height-tab=\"40\" data-height-tab-portrait=\"40\" data-height-mobile-landscape=\"40\" style=\"clear:both;display:block;\"><\/div><div id=\"ultimate-heading-82469d0d85671f55\" class=\"uvc-heading ult-adjust-bottom-margin ultimate-heading-82469d0d85671f55 uvc-1677 Bold-Normal\" data-hspacer=\"no_spacer\"  data-halign=\"left\" style=\"text-align:left\"><div class=\"uvc-heading-spacer no_spacer\" style=\"top\"><\/div><div class=\"uvc-sub-heading ult-responsive\"  data-ultimate-target='.uvc-heading.ultimate-heading-82469d0d85671f55 .uvc-sub-heading '  data-responsive-json-new='{\"font-size\":\"desktop:20px;\",\"line-height\":\"desktop:34px;\"}'  style=\"font-family:&#039;Lato&#039;;font-weight:normal;\"><strong>Conhe\u00e7a algumas funcionalidades da nova ferramenta:<\/strong><\/div><\/div>[vc_row_inner][vc_column_inner width=&#8221;11\/12&#8243;]<div class=\"ult-spacer spacer-69d0d85671fae\" data-id=\"69d0d85671fae\" data-height=\"4\" data-height-mobile=\"8\" data-height-tab=\"8\" data-height-tab-portrait=\"8\" data-height-mobile-landscape=\"8\" style=\"clear:both;display:block;\"><\/div><div class=\"uavc-list-icon uavc-list-icon-wrapper ult-adjust-bottom-margin   vc_custom_1516740336338  vc_custom_1516740336338\"><ul class=\"uavc-list\"><li><div class=\"uavc-list-content\" id=\"list-icon-wrap-6760\">\n<div class=\"uavc-list-icon  \" data-animation=\"\" data-animation-delay=\"03\" style=\"margin-right:8px;\"><div class=\"ult-just-icon-wrapper  \"><div class=\"align-icon\" style=\"text-align:center;\">\n<div class=\"aio-icon none \"  style=\"color:#333333;font-size:24px;display:inline-block;\">\n\t<i class=\"fas fa-angle-right\"><\/i>\n<\/div><\/div><\/div>\n<\/div><span  data-ultimate-target='#list-icon-wrap-6760 .uavc-list-desc'  data-responsive-json-new='{\"font-size\":\"\",\"line-height\":\"\"}'  class=\"uavc-list-desc ult-responsive\" style=\"\">Cobertura nacional e internacional;<\/span><\/div><\/li><li><div class=\"uavc-list-content\" id=\"list-icon-wrap-3933\">\n<div class=\"uavc-list-icon  \" data-animation=\"\" data-animation-delay=\"03\" style=\"margin-right:8px;\"><div class=\"ult-just-icon-wrapper  \"><div class=\"align-icon\" style=\"text-align:center;\">\n<div class=\"aio-icon none \"  style=\"color:#333333;font-size:24px;display:inline-block;\">\n\t<i class=\"fas fa-angle-right\"><\/i>\n<\/div><\/div><\/div>\n<\/div><span  data-ultimate-target='#list-icon-wrap-3933 .uavc-list-desc'  data-responsive-json-new='{\"font-size\":\"\",\"line-height\":\"\"}'  class=\"uavc-list-desc ult-responsive\" style=\"\">Construa alertas customizados e em tempo real;<\/span><\/div><\/li><li><div class=\"uavc-list-content\" id=\"list-icon-wrap-1706\">\n<div class=\"uavc-list-icon  \" data-animation=\"\" data-animation-delay=\"03\" style=\"margin-right:8px;\"><div class=\"ult-just-icon-wrapper  \"><div class=\"align-icon\" style=\"text-align:center;\">\n<div class=\"aio-icon none \"  style=\"color:#333333;font-size:24px;display:inline-block;\">\n\t<i class=\"fas fa-angle-right\"><\/i>\n<\/div><\/div><\/div>\n<\/div><span  data-ultimate-target='#list-icon-wrap-1706 .uavc-list-desc'  data-responsive-json-new='{\"font-size\":\"\",\"line-height\":\"\"}'  class=\"uavc-list-desc ult-responsive\" style=\"\">Desenvolva relat\u00f3rios arrastando e soltando objetos;<\/span><\/div><\/li><li><div class=\"uavc-list-content\" id=\"list-icon-wrap-6145\">\n<div class=\"uavc-list-icon  \" data-animation=\"\" data-animation-delay=\"03\" style=\"margin-right:8px;\"><div class=\"ult-just-icon-wrapper  \"><div class=\"align-icon\" style=\"text-align:center;\">\n<div class=\"aio-icon none \"  style=\"color:#333333;font-size:24px;display:inline-block;\">\n\t<i class=\"fas fa-angle-right\"><\/i>\n<\/div><\/div><\/div>\n<\/div><span  data-ultimate-target='#list-icon-wrap-6145 .uavc-list-desc'  data-responsive-json-new='{\"font-size\":\"\",\"line-height\":\"\"}'  class=\"uavc-list-desc ult-responsive\" style=\"\">Aproveite as condi\u00e7\u00f5es especiais exclusivas para este lan\u00e7amento;<\/p>\n<p><\/span><\/div><\/li><li><div class=\"uavc-list-content\" id=\"list-icon-wrap-5692\">\n<div class=\"uavc-list-icon  \" data-animation=\"\" data-animation-delay=\"03\" style=\"margin-right:8px;\"><div class=\"ult-just-icon-wrapper  \"><div class=\"align-icon\" style=\"text-align:center;\">\n<div class=\"aio-icon none \"  style=\"color:#333333;font-size:24px;display:inline-block;\">\n\t<i class=\"fas fa-angle-right\"><\/i>\n<\/div><\/div><\/div>\n<\/div><span  data-ultimate-target='#list-icon-wrap-5692 .uavc-list-desc'  data-responsive-json-new='{\"font-size\":\"\",\"line-height\":\"\"}'  class=\"uavc-list-desc ult-responsive\" style=\"\">Monitore milhares de ve\u00edculos de jornal, revista, r\u00e1dio, tv e internet;<\/span><\/div><\/li><li><div class=\"uavc-list-content\" id=\"list-icon-wrap-9288\">\n<div class=\"uavc-list-icon  \" data-animation=\"\" data-animation-delay=\"03\" style=\"margin-right:8px;\"><div class=\"ult-just-icon-wrapper  \"><div class=\"align-icon\" style=\"text-align:center;\">\n<div class=\"aio-icon none \"  style=\"color:#333333;font-size:24px;display:inline-block;\">\n\t<i class=\"fas fa-angle-right\"><\/i>\n<\/div><\/div><\/div>\n<\/div><span  data-ultimate-target='#list-icon-wrap-9288 .uavc-list-desc'  data-responsive-json-new='{\"font-size\":\"\",\"line-height\":\"\"}'  class=\"uavc-list-desc ult-responsive\" style=\"\">Pague de forma justa, com regras de cobran\u00e7a transparentes e justas;<\/span><\/div><\/li><li><div class=\"uavc-list-content\" id=\"list-icon-wrap-2295\">\n<div class=\"uavc-list-icon  \" data-animation=\"\" data-animation-delay=\"03\" style=\"margin-right:8px;\"><div class=\"ult-just-icon-wrapper  \"><div class=\"align-icon\" style=\"text-align:center;\">\n<div class=\"aio-icon none \"  style=\"color:#333333;font-size:24px;display:inline-block;\">\n\t<i class=\"fas fa-angle-right\"><\/i>\n<\/div><\/div><\/div>\n<\/div><span  data-ultimate-target='#list-icon-wrap-2295 .uavc-list-desc'  data-responsive-json-new='{\"font-size\":\"\",\"line-height\":\"\"}'  class=\"uavc-list-desc ult-responsive\" style=\"\">An\u00e1lise de sentimento 100% automatizada e gratuita para todos os clientes;<\/span><\/div><\/li><li><div class=\"uavc-list-content\" id=\"list-icon-wrap-9066\">\n<div class=\"uavc-list-icon  \" data-animation=\"\" data-animation-delay=\"03\" style=\"margin-right:8px;\"><div class=\"ult-just-icon-wrapper  \"><div class=\"align-icon\" style=\"text-align:center;\">\n<div class=\"aio-icon none \"  style=\"color:#333333;font-size:24px;display:inline-block;\">\n\t<i class=\"fas fa-angle-right\"><\/i>\n<\/div><\/div><\/div>\n<\/div><span  data-ultimate-target='#list-icon-wrap-9066 .uavc-list-desc'  data-responsive-json-new='{\"font-size\":\"\",\"line-height\":\"\"}'  class=\"uavc-list-desc ult-responsive\" style=\"\">Crie voc\u00ea mesmo quantos monitoramentos desejar, sem depender de ningu\u00e9m.<\/span><\/div><\/li><\/ul><\/div>[\/vc_column_inner][vc_column_inner width=&#8221;1\/12&#8243; offset=&#8221;vc_hidden-sm vc_hidden-xs&#8221;][\/vc_column_inner][\/vc_row_inner][\/vc_column][vc_column width=&#8221;1\/3&#8243; el_id=&#8221;formulario&#8221;]<div class=\"ult-spacer spacer-69d0d85672481\" data-id=\"69d0d85672481\" data-height=\"20\" data-height-mobile=\"10\" data-height-tab=\"20\" data-height-tab-portrait=\"20\" data-height-mobile-landscape=\"10\" style=\"clear:both;display:block;\"><\/div><div class=\"ult-content-box-container \" >\t\t<div class=\"ult-content-box\" style=\"background-color:#ffffff;box-shadow: 3px 2px 20px 3px rgba(0,0,0,0.16) ;border-style:solid;border-width:0px;border-radius:22px;padding-top:0px;padding-right:14px;padding-bottom:0px;padding-left:14px;min-height:480px;-webkit-transition: all 700ms ease;-moz-transition: all 700ms ease;-ms-transition: all 700ms ease;-o-transition: all 700ms ease;transition: all 700ms ease;\"  data-hover_box_shadow=\" 3px 2px 20px 3px rgba(0,0,0,0.3) \"     data-bg=\"#ffffff\"  data-border_color=\"\" >[vc_row_inner el_class=&#8221;border-radius&#8221; css=&#8221;.vc_custom_1612274764342{background-color: #333333 !important;}&#8221;][vc_column_inner el_class=&#8221;border-radius&#8221; css=&#8221;.vc_custom_1599169665689{margin-top: 0px !important;margin-right: 0px !important;margin-bottom: 0px !important;margin-left: 0px !important;border-top-width: 0px !important;border-right-width: 0px !important;border-bottom-width: 0px !important;border-left-width: 0px !important;padding-top: 0px !important;padding-right: 22px !important;padding-bottom: 0px !important;padding-left: 22px !important;}&#8221;]<div class=\"ult-spacer spacer-69d0d8567257f\" data-id=\"69d0d8567257f\" data-height=\"8\" data-height-mobile=\"8\" data-height-tab=\"8\" data-height-tab-portrait=\"8\" data-height-mobile-landscape=\"8\" style=\"clear:both;display:block;\"><\/div><div id=\"ultimate-heading-996369d0d856725b8\" class=\"uvc-heading ult-adjust-bottom-margin ultimate-heading-996369d0d856725b8 uvc-923 \" data-hspacer=\"no_spacer\"  data-halign=\"center\" style=\"text-align:center\"><div class=\"uvc-heading-spacer no_spacer\" style=\"top\"><\/div><div class=\"uvc-main-heading ult-responsive\"  data-ultimate-target='.uvc-heading.ultimate-heading-996369d0d856725b8 h2'  data-responsive-json-new='{\"font-size\":\"desktop:24px;\",\"line-height\":\"desktop:38px;\"}' ><h2 style=\"font-family:&#039;Lato&#039;;font-weight:900;color:#ffffff;margin-bottom:8px;\">Cadastre-se<\/h2><\/div><\/div>[\/vc_column_inner][\/vc_row_inner][vc_row_inner][vc_column_inner css=&#8221;.vc_custom_1599167233556{margin-top: 0px !important;margin-right: 0px !important;margin-left: 0px !important;border-top-width: 0px !important;border-right-width: 0px !important;border-left-width: 0px !important;padding-top: 0px !important;padding-right: 25px !important;padding-left: 25px !important;}&#8221;][vc_raw_js]JTNDJTIxLS0lMjBTaGFycFNwcmluZyUyMEZvcm0lMjBmb3IlMjAlNUJGb3JtdWwlQzMlQTFyaW8lNUQlMjAlNUJMaXZlJTVEJTIwJTVCTGFuJUMzJUE3YW1lbnRvJTIwQ2xpcHBpbmclNUQlMjAlNUIyMDIxJTVEJTIwJTIwLS0lM0UlMEElM0NzY3JpcHQlMjB0eXBlJTNEJTIydGV4dCUyRmphdmFzY3JpcHQlMjIlM0UlMEElMjAlMjAlMjAlMjB2YXIlMjBzc19mb3JtJTIwJTNEJTIwJTdCJTI3YWNjb3VudCUyNyUzQSUyMCUyN016YXdNREUzTlRHM0JBQSUyNyUyQyUyMCUyN2Zvcm1JRCUyNyUzQSUyMCUyN0JjSEJFUUJBQkFQQWl2S1NITXJCMEg4SnR5dHJwa2hreWtCX2c5NDVuR3BkMDFGUkh3JTI3JTdEJTNCJTBBJTIwJTIwJTIwJTIwc3NfZm9ybS53aWR0aCUyMCUzRCUyMCUyNzEwMCUyNSUyNyUzQiUwQSUyMCUyMCUyMCUyMHNzX2Zvcm0uaGVpZ2h0JTIwJTNEJTIwJTI3MTAwMCUyNyUzQiUwQSUyMCUyMCUyMCUyMHNzX2Zvcm0uZG9tYWluJTIwJTNEJTIwJTI3YXBwLTNRTklVTTg4UTIubWFya2V0aW5nYXV0b21hdGlvbi5zZXJ2aWNlcyUyNyUzQiUwQSUyMCUyMCUyMCUyMCUyRiUyRiUyMHNzX2Zvcm0uaGlkZGVuJTIwJTNEJTIwJTdCJTI3ZmllbGRfaWQlMjclM0ElMjAlMjd2YWx1ZSUyNyU3RCUzQiUyMCUyRiUyRiUyME1vZGlmeSUyMHRoaXMlMjBmb3IlMjBzZW5kaW5nJTIwaGlkZGVuJTIwdmFyaWFibGVzJTJDJTIwb3IlMjBvdmVycmlkaW5nJTIwdmFsdWVzJTBBJTIwJTIwJTIwJTIwJTJGJTJGJTIwc3NfZm9ybS50YXJnZXRfaWQlMjAlM0QlMjAlMjd0YXJnZXQlMjclM0IlMjAlMkYlMkYlMjBPcHRpb25hbCUyMHBhcmFtZXRlciUzQSUyMGZvcm1zJTIwd2lsbCUyMGJlJTIwcGxhY2VkJTIwaW5zaWRlJTIwdGhlJTIwZWxlbWVudCUyMHdpdGglMjB0aGUlMjBzcGVjaWZpZWQlMjBpZCUwQSUyMCUyMCUyMCUyMCUyRiUyRiUyMHNzX2Zvcm0ucG9sbGluZyUyMCUzRCUyMHRydWUlM0IlMjAlMkYlMkYlMjBPcHRpb25hbCUyMHBhcmFtZXRlciUzQSUyMHNldCUyMHRvJTIwdHJ1ZSUyME9OTFklMjBpZiUyMHlvdXIlMjBwYWdlJTIwbG9hZHMlMjBkeW5hbWljYWxseSUyMGFuZCUyMHRoZSUyMGlkJTIwbmVlZHMlMjB0byUyMGJlJTIwcG9sbGVkJTIwY29udGludWFsbHkuJTBBJTNDJTJGc2NyaXB0JTNFJTBBJTNDc2NyaXB0JTIwdHlwZSUzRCUyMnRleHQlMkZqYXZhc2NyaXB0JTIyJTIwc3JjJTNEJTIyaHR0cHMlM0ElMkYlMkZrb2ktM1FOSVVNODhRMi5tYXJrZXRpbmdhdXRvbWF0aW9uLnNlcnZpY2VzJTJGY2xpZW50JTJGZm9ybS5qcyUzRnZlciUzRDIuMC4xJTIyJTNFJTNDJTJGc2NyaXB0JTNF[\/vc_raw_js][\/vc_column_inner][\/vc_row_inner]\t\t<\/div><\/div><div class=\"ult-spacer spacer-69d0d8567260f\" data-id=\"69d0d8567260f\" data-height=\"30\" data-height-mobile=\"30\" data-height-tab=\"30\" data-height-tab-portrait=\"30\" data-height-mobile-landscape=\"30\" style=\"clear:both;display:block;\"><\/div>[vc_column_text]<\/p>\n<p style=\"font-size: 12px; line-height: 16px;\">O respons\u00e1vel pelo tratamento dos seus dados pessoais \u00e9 a Comunique-se S\/A. Estes dados ser\u00e3o utilizados para lhe enviar informativos sobre os nossos servi\u00e7os, al\u00e9m de utilizarmos para efeitos estat\u00edsticos. Para mais informa\u00e7\u00f5es sobre como utilizaremos os dados, por favor consulte a nossa\u00a0<a href=\"https:\/\/institucional.comunique-se.com.br\/politica-de-privacidade\/\">Pol\u00edtica de Privacidade<\/a>. Ao utilizar este formul\u00e1rio voc\u00ea concorda com a nossa Pol\u00edtica. A Comunique-se S\/A pode compartilhar estes dados com outras marcas do Grupo Comunique-se para a mesma finalidade. Caso deseje se desinscrever, voc\u00ea pode faz\u00ea-lo a partir de algum e-mail j\u00e1 recebido (atrav\u00e9s da fun\u00e7\u00e3o descadastrar) ou nos contatando a partir do e-mail <a href=\"mailto:marketing@comunique-se.com.br\">marketing@comunique-se.com.br<\/a>. Para exercer os seus direitos de usu\u00e1rio para retifica\u00e7\u00e3o ou remo\u00e7\u00e3o dos dados sens\u00edveis, contate-nos atrav\u00e9s do e-mail <a href=\"mailto:dpo@comunique-se.com.br\">dpo@comunique-se.com.br<\/a><\/p>\n<p>[\/vc_column_text]<div class=\"ult-spacer spacer-69d0d85672626\" data-id=\"69d0d85672626\" data-height=\"30\" data-height-mobile=\"30\" data-height-tab=\"30\" data-height-tab-portrait=\"30\" data-height-mobile-landscape=\"30\" style=\"clear:both;display:block;\"><\/div>[\/vc_column][\/vc_row][\/vc_section][vc_section][vc_row][vc_column][\/vc_column][\/vc_row][\/vc_section]<\/p>\n","protected":false},"excerpt":{"rendered":"<p>[vc_section full_width=&#8221;stretch_row&#8221; content_placement=&#8221;middle&#8221; el_class=&#8221;background-no-repeat&#8221;][vc_row content_placement=&#8221;middle&#8221; bg_type=&#8221;grad&#8221; bg_override=&#8221;full&#8221; bg_grad=&#8221;background: -webkit-gradient(linear, left top, left bottom, color-stop(0%, #333333), color-stop(100%, #2A2A2A));background: -moz-linear-gradient(left,#333333 0%,#2A2A2A 100%);background: -webkit-linear-gradient(left,#333333 0%,#2A2A2A 100%);background: -o-linear-gradient(left,#333333 0%,#2A2A2A 100%);background: -ms-linear-gradient(left,#333333 0%,#2A2A2A 100%);background: linear-gradient(left,#333333 0%,#2A2A2A 100%);&#8221;][vc_column width=&#8221;1\/4&#8243; css=&#8221;.vc_custom_1585766457197{margin-right: 0px !important;margin-bottom: 0px !important;margin-left: 0px !important;border-right-width: 0px !important;border-bottom-width: 0px !important;border-left-width: 0px !important;padding-right: 0px !important;padding-bottom: 0px !important;padding-left: 0px !important;}&#8221;][vc_column_text el_class=&#8221;img-center-mobile&#8221;][\/vc_column_text][\/vc_column][vc_column width=&#8221;1\/4&#8243; css=&#8221;.vc_custom_1585769930530{margin-right:&hellip;<\/p>\n","protected":false},"author":20,"featured_media":14218,"parent":0,"menu_order":8,"comment_status":"closed","ping_status":"closed","template":"template-microsite.php","meta":{"footnotes":"","_links_to":"","_links_to_target":""},"yst_prominent_words":[],"class_list":["post-14206","page","type-page","status-publish","has-post-thumbnail","hentry","description-off"],"_links":{"self":[{"href":"https:\/\/comunique-se.com.br\/blog\/wp-json\/wp\/v2\/pages\/14206","targetHints":{"allow":["GET"]}}],"collection":[{"href":"https:\/\/comunique-se.com.br\/blog\/wp-json\/wp\/v2\/pages"}],"about":[{"href":"https:\/\/comunique-se.com.br\/blog\/wp-json\/wp\/v2\/types\/page"}],"author":[{"embeddable":true,"href":"https:\/\/comunique-se.com.br\/blog\/wp-json\/wp\/v2\/users\/20"}],"replies":[{"embeddable":true,"href":"https:\/\/comunique-se.com.br\/blog\/wp-json\/wp\/v2\/comments?post=14206"}],"version-history":[{"count":0,"href":"https:\/\/comunique-se.com.br\/blog\/wp-json\/wp\/v2\/pages\/14206\/revisions"}],"wp:featuredmedia":[{"embeddable":true,"href":"https:\/\/comunique-se.com.br\/blog\/wp-json\/wp\/v2\/media\/14218"}],"wp:attachment":[{"href":"https:\/\/comunique-se.com.br\/blog\/wp-json\/wp\/v2\/media?parent=14206"}],"wp:term":[{"taxonomy":"yst_prominent_words","embeddable":true,"href":"https:\/\/comunique-se.com.br\/blog\/wp-json\/wp\/v2\/yst_prominent_words?post=14206"}],"curies":[{"name":"wp","href":"https:\/\/api.w.org\/{rel}","templated":true}]}}