{"id":14097,"date":"2021-01-06T14:37:10","date_gmt":"2021-01-06T17:37:10","guid":{"rendered":"https:\/\/comunique-se.com.br\/blog\/?page_id=14097"},"modified":"2025-01-20T09:55:14","modified_gmt":"2025-01-20T12:55:14","slug":"infografico-relacao-imprensa","status":"publish","type":"page","link":"https:\/\/comunique-se.com.br\/blog\/infografico-relacao-imprensa\/","title":{"rendered":"infogr\u00e1fico &#8211; Melhores pr\u00e1ticas para se relacionar com a imprensa"},"content":{"rendered":"<p>[vc_section full_width=&#8221;stretch_row&#8221; content_placement=&#8221;middle&#8221; el_class=&#8221;background-no-repeat&#8221;][vc_row content_placement=&#8221;middle&#8221; bg_type=&#8221;grad&#8221; bg_override=&#8221;full&#8221; bg_grad=&#8221;background: -webkit-gradient(linear, left top, left bottom, color-stop(0%, #FFA826), color-stop(100%, #EB4A00));background: -moz-linear-gradient(left,#FFA826 0%,#EB4A00 100%);background: -webkit-linear-gradient(left,#FFA826 0%,#EB4A00 100%);background: -o-linear-gradient(left,#FFA826 0%,#EB4A00 100%);background: -ms-linear-gradient(left,#FFA826 0%,#EB4A00 100%);background: linear-gradient(left,#FFA826 0%,#EB4A00 100%);&#8221;][vc_column width=&#8221;1\/5&#8243; css=&#8221;.vc_custom_1585766457197{margin-right: 0px !important;margin-bottom: 0px !important;margin-left: 0px !important;border-right-width: 0px !important;border-bottom-width: 0px !important;border-left-width: 0px !important;padding-right: 0px !important;padding-bottom: 0px !important;padding-left: 0px !important;}&#8221;][vc_column_text el_class=&#8221;img-center-mobile&#8221;]<img loading=\"lazy\" decoding=\"async\" class=\"alignnone size-full wp-image-18271\" src=\"https:\/\/comunique-se.com.br\/blog\/wp-content\/uploads\/2024\/07\/knewinComuniquese-branca.png\" alt=\"\" width=\"294\" height=\"55\" \/>[\/vc_column_text][\/vc_column][\/vc_row][vc_row content_placement=&#8221;top&#8221;][vc_column width=&#8221;2\/3&#8243; el_class=&#8221;menos-padding-laptop&#8221;]<div class=\"ult-spacer spacer-69dfcd62ca2b2\" data-id=\"69dfcd62ca2b2\" data-height=\"10\" data-height-mobile=\"10\" data-height-tab=\"10\" data-height-tab-portrait=\"10\" data-height-mobile-landscape=\"10\" style=\"clear:both;display:block;\"><\/div><div id=\"ultimate-heading-825669dfcd62ca2f0\" class=\"uvc-heading ult-adjust-bottom-margin ultimate-heading-825669dfcd62ca2f0 uvc-8720 \" data-hspacer=\"no_spacer\"  data-halign=\"left\" style=\"text-align:left\"><div class=\"uvc-heading-spacer no_spacer\" style=\"top\"><\/div><div class=\"uvc-main-heading ult-responsive\"  data-ultimate-target='.uvc-heading.ultimate-heading-825669dfcd62ca2f0 h1'  data-responsive-json-new='{\"font-size\":\"desktop:24px;tablet:24px;tablet_portrait:24px;mobile_landscape:24px;mobile:24px;\",\"line-height\":\"desktop:28px;tablet:28px;tablet_portrait:28px;mobile_landscape:28px;mobile:28px;\"}' ><h1 style=\"font-family:&#039;Open Sans&#039;;font-weight:700;color:#f27000;margin-bottom:1px;\">INFOGR\u00c1FICO<\/h1><\/div><\/div><div id=\"ultimate-heading-149269dfcd62ca33a\" class=\"uvc-heading ult-adjust-bottom-margin ultimate-heading-149269dfcd62ca33a uvc-1022 Bold-Normal\" data-hspacer=\"no_spacer\"  data-halign=\"left\" style=\"text-align:left\"><div class=\"uvc-heading-spacer no_spacer\" style=\"top\"><\/div><div class=\"uvc-main-heading ult-responsive\"  data-ultimate-target='.uvc-heading.ultimate-heading-149269dfcd62ca33a h2'  data-responsive-json-new='{\"font-size\":\"desktop:45px;tablet:40px;tablet_portrait:40px;mobile_landscape:34px;mobile:44px;\",\"line-height\":\"desktop:58px;tablet:48px;tablet_portrait:48px;mobile_landscape:52px;mobile:52px;\"}' ><h2 style=\"font-family:&#039;Open Sans&#039;;font-weight:800;margin-bottom:0px;\">MELHORES PR\u00c1TICAS PARA SE RELACIONAR COM A IMPRENSA<\/h2><\/div><\/div><div class=\"ult-spacer spacer-69dfcd62ca363\" data-id=\"69dfcd62ca363\" data-height=\"20\" data-height-mobile=\"10\" data-height-tab=\"20\" data-height-tab-portrait=\"20\" data-height-mobile-landscape=\"10\" style=\"clear:both;display:block;\"><\/div><div id=\"ultimate-heading-861469dfcd62ca37d\" class=\"uvc-heading ult-adjust-bottom-margin ultimate-heading-861469dfcd62ca37d uvc-7079 Bold-Normal\" data-hspacer=\"no_spacer\"  data-halign=\"left\" style=\"text-align:left\"><div class=\"uvc-heading-spacer no_spacer\" style=\"top\"><\/div><div class=\"uvc-sub-heading ult-responsive\"  data-ultimate-target='.uvc-heading.ultimate-heading-861469dfcd62ca37d .uvc-sub-heading '  data-responsive-json-new='{\"font-size\":\"desktop:20px;\",\"line-height\":\"desktop:34px;\"}'  style=\"font-family:&#039;Lato&#039;;font-weight:normal;\">Sabemos que um bom relacionamento \u00e9 pe\u00e7a-chave para quem atua com assessoria de imprensa. Por isso, o Comunique-se criou o infogr\u00e1fico com as melhores pr\u00e1ticas para se relacionar com a imprensa, que est\u00e1 em sua segunda edi\u00e7\u00e3o. Extra\u00edmos da Plataforma Comunique-se alguns dados cruciais e compilamos com alguns resultados da Pesquisa &#8220;Assessores de imprensa na vis\u00e3o dos jornalistas de reda\u00e7\u00e3o&#8221;.<\/p>\n<p>As informa\u00e7\u00f5es da ferramenta foram coletadas do dia 01\/01\/2019 a 31\/12\/2019 de acordo com o uso de mais de mil clientes ao longo de 2019. A pesquisa &#8220;Assessores de imprensa na vis\u00e3o dos jornalistas de reda\u00e7\u00e3o&#8221; teve mais de 300 respondentes, sendo eles jornalistas que atuam em reda\u00e7\u00e3o, trazendo insights valiosos.<\/div><\/div><div class=\"ult-spacer spacer-69dfcd62ca3a1\" data-id=\"69dfcd62ca3a1\" data-height=\"20\" data-height-mobile=\"10\" data-height-tab=\"20\" data-height-tab-portrait=\"20\" data-height-mobile-landscape=\"10\" style=\"clear:both;display:block;\"><\/div><div id=\"ultimate-heading-610469dfcd62ca3b7\" class=\"uvc-heading ult-adjust-bottom-margin ultimate-heading-610469dfcd62ca3b7 uvc-9679 Bold-Normal\" data-hspacer=\"no_spacer\"  data-halign=\"left\" style=\"text-align:left\"><div class=\"uvc-heading-spacer no_spacer\" style=\"top\"><\/div><div class=\"uvc-sub-heading ult-responsive\"  data-ultimate-target='.uvc-heading.ultimate-heading-610469dfcd62ca3b7 .uvc-sub-heading '  data-responsive-json-new='{\"font-size\":\"desktop:20px;\",\"line-height\":\"desktop:34px;\"}'  style=\"font-family:&#039;Lato&#039;;font-weight:normal;\"><strong>Abaixo, <b>os principais t\u00f3picos abordados no levantamento:<\/b><\/strong><\/div><\/div>[vc_row_inner][vc_column_inner width=&#8221;11\/12&#8243;]<div class=\"ult-spacer spacer-69dfcd62ca3d8\" data-id=\"69dfcd62ca3d8\" data-height=\"4\" data-height-mobile=\"8\" data-height-tab=\"8\" data-height-tab-portrait=\"8\" data-height-mobile-landscape=\"8\" style=\"clear:both;display:block;\"><\/div><div class=\"uavc-list-icon uavc-list-icon-wrapper ult-adjust-bottom-margin   vc_custom_1516740336338  vc_custom_1516740336338\"><ul class=\"uavc-list\"><li><div class=\"uavc-list-content\" id=\"list-icon-wrap-2737\">\n<div class=\"uavc-list-icon  \" data-animation=\"\" data-animation-delay=\"03\" style=\"margin-right:8px;\"><div class=\"ult-just-icon-wrapper  \"><div class=\"align-icon\" style=\"text-align:center;\">\n<div class=\"aio-icon none \"  style=\"color:#333333;font-size:24px;display:inline-block;\">\n\t<i class=\"fas fa-angle-right\"><\/i>\n<\/div><\/div><\/div>\n<\/div><span  data-ultimate-target='#list-icon-wrap-2737 .uavc-list-desc'  data-responsive-json-new='{\"font-size\":\"\",\"line-height\":\"\"}'  class=\"uavc-list-desc ult-responsive\" style=\"\">Melhor dia e hor\u00e1rio para o follow up;<\/span><\/div><\/li><li><div class=\"uavc-list-content\" id=\"list-icon-wrap-6527\">\n<div class=\"uavc-list-icon  \" data-animation=\"\" data-animation-delay=\"03\" style=\"margin-right:8px;\"><div class=\"ult-just-icon-wrapper  \"><div class=\"align-icon\" style=\"text-align:center;\">\n<div class=\"aio-icon none \"  style=\"color:#333333;font-size:24px;display:inline-block;\">\n\t<i class=\"fas fa-angle-right\"><\/i>\n<\/div><\/div><\/div>\n<\/div><span  data-ultimate-target='#list-icon-wrap-6527 .uavc-list-desc'  data-responsive-json-new='{\"font-size\":\"\",\"line-height\":\"\"}'  class=\"uavc-list-desc ult-responsive\" style=\"\">A\u00e7\u00f5es que mais incomodam os jornalistas;<\/span><\/div><\/li><li><div class=\"uavc-list-content\" id=\"list-icon-wrap-9026\">\n<div class=\"uavc-list-icon  \" data-animation=\"\" data-animation-delay=\"03\" style=\"margin-right:8px;\"><div class=\"ult-just-icon-wrapper  \"><div class=\"align-icon\" style=\"text-align:center;\">\n<div class=\"aio-icon none \"  style=\"color:#333333;font-size:24px;display:inline-block;\">\n\t<i class=\"fas fa-angle-right\"><\/i>\n<\/div><\/div><\/div>\n<\/div><span  data-ultimate-target='#list-icon-wrap-9026 .uavc-list-desc'  data-responsive-json-new='{\"font-size\":\"\",\"line-height\":\"\"}'  class=\"uavc-list-desc ult-responsive\" style=\"\">Melhor dia e hor\u00e1rio para enviar releases;<\/span><\/div><\/li><li><div class=\"uavc-list-content\" id=\"list-icon-wrap-8879\">\n<div class=\"uavc-list-icon  \" data-animation=\"\" data-animation-delay=\"03\" style=\"margin-right:8px;\"><div class=\"ult-just-icon-wrapper  \"><div class=\"align-icon\" style=\"text-align:center;\">\n<div class=\"aio-icon none \"  style=\"color:#333333;font-size:24px;display:inline-block;\">\n\t<i class=\"fas fa-angle-right\"><\/i>\n<\/div><\/div><\/div>\n<\/div><span  data-ultimate-target='#list-icon-wrap-8879 .uavc-list-desc'  data-responsive-json-new='{\"font-size\":\"\",\"line-height\":\"\"}'  class=\"uavc-list-desc ult-responsive\" style=\"\">Taxa de abertura por quantidade de caracteres;<\/span><\/div><\/li><li><div class=\"uavc-list-content\" id=\"list-icon-wrap-1075\">\n<div class=\"uavc-list-icon  \" data-animation=\"\" data-animation-delay=\"03\" style=\"margin-right:8px;\"><div class=\"ult-just-icon-wrapper  \"><div class=\"align-icon\" style=\"text-align:center;\">\n<div class=\"aio-icon none \"  style=\"color:#333333;font-size:24px;display:inline-block;\">\n\t<i class=\"fas fa-angle-right\"><\/i>\n<\/div><\/div><\/div>\n<\/div><span  data-ultimate-target='#list-icon-wrap-1075 .uavc-list-desc'  data-responsive-json-new='{\"font-size\":\"\",\"line-height\":\"\"}'  class=\"uavc-list-desc ult-responsive\" style=\"\">Principais fatores que fazem o jornalista aproveitar um release.<\/span><\/div><\/li><\/ul><\/div>[vc_single_image image=&#8221;14098&#8243; img_size=&#8221;full&#8221; css_animation=&#8221;fadeInLeft&#8221; image_hovers=&#8221;false&#8221;][\/vc_column_inner][vc_column_inner width=&#8221;1\/12&#8243; offset=&#8221;vc_hidden-sm vc_hidden-xs&#8221;][\/vc_column_inner][\/vc_row_inner][\/vc_column][vc_column width=&#8221;1\/3&#8243; el_id=&#8221;form&#8221;]<div class=\"ult-spacer spacer-69dfcd62ca71f\" data-id=\"69dfcd62ca71f\" data-height=\"20\" data-height-mobile=\"10\" data-height-tab=\"20\" data-height-tab-portrait=\"20\" data-height-mobile-landscape=\"10\" style=\"clear:both;display:block;\"><\/div><div class=\"ult-content-box-container \" >\t\t<div class=\"ult-content-box\" style=\"background-color:#ffffff;box-shadow: 3px 2px 20px 3px rgba(0,0,0,0.16) ;border-style:solid;border-width:0px;border-radius:22px;padding-top:0px;padding-right:14px;padding-bottom:0px;padding-left:14px;min-height:480px;-webkit-transition: all 700ms ease;-moz-transition: all 700ms ease;-ms-transition: all 700ms ease;-o-transition: all 700ms ease;transition: all 700ms ease;\"  data-hover_box_shadow=\" 3px 2px 20px 3px rgba(0,0,0,0.3) \"     data-bg=\"#ffffff\"  data-border_color=\"\" >[vc_row_inner el_class=&#8221;border-radius&#8221; css=&#8221;.vc_custom_1604003599163{background-color: #ff6a00 !important;}&#8221;][vc_column_inner el_class=&#8221;border-radius&#8221; css=&#8221;.vc_custom_1599169665689{margin-top: 0px !important;margin-right: 0px !important;margin-bottom: 0px !important;margin-left: 0px !important;border-top-width: 0px !important;border-right-width: 0px !important;border-bottom-width: 0px !important;border-left-width: 0px !important;padding-top: 0px !important;padding-right: 22px !important;padding-bottom: 0px !important;padding-left: 22px !important;}&#8221;]<div class=\"ult-spacer spacer-69dfcd62ca775\" data-id=\"69dfcd62ca775\" data-height=\"8\" data-height-mobile=\"8\" data-height-tab=\"8\" data-height-tab-portrait=\"8\" data-height-mobile-landscape=\"8\" style=\"clear:both;display:block;\"><\/div><div id=\"ultimate-heading-33269dfcd62ca798\" class=\"uvc-heading ult-adjust-bottom-margin ultimate-heading-33269dfcd62ca798 uvc-937 \" data-hspacer=\"no_spacer\"  data-halign=\"center\" style=\"text-align:center\"><div class=\"uvc-heading-spacer no_spacer\" style=\"top\"><\/div><div class=\"uvc-main-heading ult-responsive\"  data-ultimate-target='.uvc-heading.ultimate-heading-33269dfcd62ca798 h2'  data-responsive-json-new='{\"font-size\":\"desktop:24px;\",\"line-height\":\"desktop:38px;\"}' ><h2 style=\"font-family:&#039;Lato&#039;;font-weight:900;color:#ffffff;margin-bottom:8px;\">Acesso gratuito e imediato<\/h2><\/div><\/div>[\/vc_column_inner][\/vc_row_inner][vc_row_inner][vc_column_inner css=&#8221;.vc_custom_1599167233556{margin-top: 0px !important;margin-right: 0px !important;margin-left: 0px !important;border-top-width: 0px !important;border-right-width: 0px !important;border-left-width: 0px !important;padding-top: 0px !important;padding-right: 25px !important;padding-left: 25px !important;}&#8221;][vc_raw_js]JTNDJTIxLS0lMjBTaGFycFNwcmluZyUyMEZvcm0lMjBmb3IlMjAlNUJGb3JtdWwlQzMlQTFyaW8lNUQlMjAlNUJJbmZvZ3IlQzMlQTFmaWNvJTIwMjAyMSU1RCUyMCU1QkMtc2UlMjAzNjAlNUQlMjAlMjAlMjAtLSUzRSUwQSUzQ3NjcmlwdCUyMHR5cGUlM0QlMjJ0ZXh0JTJGamF2YXNjcmlwdCUyMiUzRSUwQSUyMCUyMCUyMCUyMHZhciUyMHNzX2Zvcm0lMjAlM0QlMjAlN0IlMjdhY2NvdW50JTI3JTNBJTIwJTI3TXphd01ERTNOVEczQkFBJTI3JTJDJTIwJTI3Zm9ybUlEJTI3JTNBJTIwJTI3TTB4TFNqWXpORFBXVFRGSk05QTFTYlpJMFUxS1NqWFh0VXhKdFRSTlMwNUpTMGxNQVFBJTI3JTdEJTNCJTBBJTIwJTIwJTIwJTIwc3NfZm9ybS53aWR0aCUyMCUzRCUyMCUyNzEwMCUyNSUyNyUzQiUwQSUyMCUyMCUyMCUyMHNzX2Zvcm0uaGVpZ2h0JTIwJTNEJTIwJTI3MTAwMCUyNyUzQiUwQSUyMCUyMCUyMCUyMHNzX2Zvcm0uZG9tYWluJTIwJTNEJTIwJTI3YXBwLTNRTklVTTg4UTIubWFya2V0aW5nYXV0b21hdGlvbi5zZXJ2aWNlcyUyNyUzQiUwQSUyMCUyMCUyMCUyMCUyRiUyRiUyMHNzX2Zvcm0uaGlkZGVuJTIwJTNEJTIwJTdCJTI3ZmllbGRfaWQlMjclM0ElMjAlMjd2YWx1ZSUyNyU3RCUzQiUyMCUyRiUyRiUyME1vZGlmeSUyMHRoaXMlMjBmb3IlMjBzZW5kaW5nJTIwaGlkZGVuJTIwdmFyaWFibGVzJTJDJTIwb3IlMjBvdmVycmlkaW5nJTIwdmFsdWVzJTBBJTIwJTIwJTIwJTIwJTJGJTJGJTIwc3NfZm9ybS50YXJnZXRfaWQlMjAlM0QlMjAlMjd0YXJnZXQlMjclM0IlMjAlMkYlMkYlMjBPcHRpb25hbCUyMHBhcmFtZXRlciUzQSUyMGZvcm1zJTIwd2lsbCUyMGJlJTIwcGxhY2VkJTIwaW5zaWRlJTIwdGhlJTIwZWxlbWVudCUyMHdpdGglMjB0aGUlMjBzcGVjaWZpZWQlMjBpZCUwQSUyMCUyMCUyMCUyMCUyRiUyRiUyMHNzX2Zvcm0ucG9sbGluZyUyMCUzRCUyMHRydWUlM0IlMjAlMkYlMkYlMjBPcHRpb25hbCUyMHBhcmFtZXRlciUzQSUyMHNldCUyMHRvJTIwdHJ1ZSUyME9OTFklMjBpZiUyMHlvdXIlMjBwYWdlJTIwbG9hZHMlMjBkeW5hbWljYWxseSUyMGFuZCUyMHRoZSUyMGlkJTIwbmVlZHMlMjB0byUyMGJlJTIwcG9sbGVkJTIwY29udGludWFsbHkuJTBBJTNDJTJGc2NyaXB0JTNFJTBBJTNDc2NyaXB0JTIwdHlwZSUzRCUyMnRleHQlMkZqYXZhc2NyaXB0JTIyJTIwc3JjJTNEJTIyaHR0cHMlM0ElMkYlMkZrb2ktM1FOSVVNODhRMi5tYXJrZXRpbmdhdXRvbWF0aW9uLnNlcnZpY2VzJTJGY2xpZW50JTJGZm9ybS5qcyUzRnZlciUzRDIuMC4xJTIyJTNFJTNDJTJGc2NyaXB0JTNFJTBB[\/vc_raw_js][\/vc_column_inner][\/vc_row_inner]\t\t<\/div><\/div><div class=\"ult-spacer spacer-69dfcd62ca7cc\" data-id=\"69dfcd62ca7cc\" data-height=\"30\" data-height-mobile=\"30\" data-height-tab=\"30\" data-height-tab-portrait=\"30\" data-height-mobile-landscape=\"30\" style=\"clear:both;display:block;\"><\/div>[vc_column_text]<\/p>\n<p style=\"font-size: 12px; line-height: 16px;\">O respons\u00e1vel pelo tratamento dos seus dados pessoais \u00e9 a Comunique-se S\/A. Estes dados ser\u00e3o utilizados para lhe enviar informativos sobre os nossos servi\u00e7os, al\u00e9m de utilizarmos para efeitos estat\u00edsticos. Para mais informa\u00e7\u00f5es sobre como utilizaremos os dados, por favor consulte a nossa\u00a0<a href=\"https:\/\/institucional.comunique-se.com.br\/politica-de-privacidade\/\">Pol\u00edtica de Privacidade<\/a>. Ao utilizar este formul\u00e1rio voc\u00ea concorda com a nossa Pol\u00edtica. A Comunique-se S\/A pode compartilhar estes dados com outras marcas do Grupo Comunique-se para a mesma finalidade. Caso deseje se desinscrever, voc\u00ea pode faz\u00ea-lo a partir de algum e-mail j\u00e1 recebido (atrav\u00e9s da fun\u00e7\u00e3o descadastrar) ou nos contatando a partir do e-mail <a href=\"mailto:marketing@comunique-se.com.br\">marketing@comunique-se.com.br<\/a>. Para exercer os seus direitos de usu\u00e1rio para retifica\u00e7\u00e3o ou remo\u00e7\u00e3o dos dados sens\u00edveis, contate-nos atrav\u00e9s do e-mail <a href=\"mailto:dpo@comunique-se.com.br\">dpo@comunique-se.com.br<\/a><\/p>\n<p>[\/vc_column_text]<div class=\"ult-spacer spacer-69dfcd62ca7d8\" data-id=\"69dfcd62ca7d8\" data-height=\"30\" data-height-mobile=\"30\" data-height-tab=\"30\" data-height-tab-portrait=\"30\" data-height-mobile-landscape=\"30\" style=\"clear:both;display:block;\"><\/div>[\/vc_column][\/vc_row][\/vc_section][vc_section][vc_row][vc_column][\/vc_column][\/vc_row][\/vc_section]<\/p>\n","protected":false},"excerpt":{"rendered":"<p>[vc_section full_width=&#8221;stretch_row&#8221; content_placement=&#8221;middle&#8221; el_class=&#8221;background-no-repeat&#8221;][vc_row content_placement=&#8221;middle&#8221; bg_type=&#8221;grad&#8221; bg_override=&#8221;full&#8221; bg_grad=&#8221;background: -webkit-gradient(linear, left top, left bottom, color-stop(0%, #FFA826), color-stop(100%, #EB4A00));background: -moz-linear-gradient(left,#FFA826 0%,#EB4A00 100%);background: -webkit-linear-gradient(left,#FFA826 0%,#EB4A00 100%);background: -o-linear-gradient(left,#FFA826 0%,#EB4A00 100%);background: -ms-linear-gradient(left,#FFA826 0%,#EB4A00 100%);background: linear-gradient(left,#FFA826 0%,#EB4A00 100%);&#8221;][vc_column width=&#8221;1\/5&#8243; css=&#8221;.vc_custom_1585766457197{margin-right: 0px !important;margin-bottom: 0px !important;margin-left: 0px !important;border-right-width: 0px !important;border-bottom-width: 0px !important;border-left-width: 0px !important;padding-right: 0px !important;padding-bottom: 0px !important;padding-left: 0px !important;}&#8221;][vc_column_text el_class=&#8221;img-center-mobile&#8221;][\/vc_column_text][\/vc_column][\/vc_row][vc_row content_placement=&#8221;top&#8221;][vc_column width=&#8221;2\/3&#8243;&hellip;<\/p>\n","protected":false},"author":20,"featured_media":14099,"parent":0,"menu_order":8,"comment_status":"closed","ping_status":"closed","template":"template-microsite.php","meta":{"footnotes":"","_links_to":"","_links_to_target":""},"yst_prominent_words":[],"class_list":["post-14097","page","type-page","status-publish","has-post-thumbnail","hentry","description-off"],"_links":{"self":[{"href":"https:\/\/comunique-se.com.br\/blog\/wp-json\/wp\/v2\/pages\/14097","targetHints":{"allow":["GET"]}}],"collection":[{"href":"https:\/\/comunique-se.com.br\/blog\/wp-json\/wp\/v2\/pages"}],"about":[{"href":"https:\/\/comunique-se.com.br\/blog\/wp-json\/wp\/v2\/types\/page"}],"author":[{"embeddable":true,"href":"https:\/\/comunique-se.com.br\/blog\/wp-json\/wp\/v2\/users\/20"}],"replies":[{"embeddable":true,"href":"https:\/\/comunique-se.com.br\/blog\/wp-json\/wp\/v2\/comments?post=14097"}],"version-history":[{"count":2,"href":"https:\/\/comunique-se.com.br\/blog\/wp-json\/wp\/v2\/pages\/14097\/revisions"}],"predecessor-version":[{"id":18616,"href":"https:\/\/comunique-se.com.br\/blog\/wp-json\/wp\/v2\/pages\/14097\/revisions\/18616"}],"wp:featuredmedia":[{"embeddable":true,"href":"https:\/\/comunique-se.com.br\/blog\/wp-json\/wp\/v2\/media\/14099"}],"wp:attachment":[{"href":"https:\/\/comunique-se.com.br\/blog\/wp-json\/wp\/v2\/media?parent=14097"}],"wp:term":[{"taxonomy":"yst_prominent_words","embeddable":true,"href":"https:\/\/comunique-se.com.br\/blog\/wp-json\/wp\/v2\/yst_prominent_words?post=14097"}],"curies":[{"name":"wp","href":"https:\/\/api.w.org\/{rel}","templated":true}]}}