{"id":13820,"date":"2020-11-05T16:20:15","date_gmt":"2020-11-05T19:20:15","guid":{"rendered":"https:\/\/comunique-se.com.br\/blog\/?page_id=13820"},"modified":"2025-01-20T09:54:25","modified_gmt":"2025-01-20T12:54:25","slug":"ebook-lgpd","status":"publish","type":"page","link":"https:\/\/comunique-se.com.br\/blog\/ebook-lgpd\/","title":{"rendered":"Ebook &#8211; LGPD"},"content":{"rendered":"<p>[vc_section full_width=&#8221;stretch_row&#8221; content_placement=&#8221;middle&#8221; el_class=&#8221;background-no-repeat&#8221;][vc_row content_placement=&#8221;middle&#8221; bg_type=&#8221;grad&#8221; bg_override=&#8221;full&#8221; bg_grad=&#8221;background: -webkit-gradient(linear, left top, left bottom, color-stop(0%, #FFA826), color-stop(100%, #EB4A00));background: -moz-linear-gradient(left,#FFA826 0%,#EB4A00 100%);background: -webkit-linear-gradient(left,#FFA826 0%,#EB4A00 100%);background: -o-linear-gradient(left,#FFA826 0%,#EB4A00 100%);background: -ms-linear-gradient(left,#FFA826 0%,#EB4A00 100%);background: linear-gradient(left,#FFA826 0%,#EB4A00 100%);&#8221;][vc_column width=&#8221;1\/5&#8243; css=&#8221;.vc_custom_1585766457197{margin-right: 0px !important;margin-bottom: 0px !important;margin-left: 0px !important;border-right-width: 0px !important;border-bottom-width: 0px !important;border-left-width: 0px !important;padding-right: 0px !important;padding-bottom: 0px !important;padding-left: 0px !important;}&#8221;][vc_column_text el_class=&#8221;img-center-mobile&#8221;]<img loading=\"lazy\" decoding=\"async\" class=\"alignnone size-full wp-image-18271\" src=\"https:\/\/comunique-se.com.br\/blog\/wp-content\/uploads\/2024\/07\/knewinComuniquese-branca.png\" alt=\"\" width=\"294\" height=\"55\" \/>[\/vc_column_text][\/vc_column][vc_column width=&#8221;1\/5&#8243; css=&#8221;.vc_custom_1585769930530{margin-right: 0px !important;margin-bottom: 0px !important;margin-left: 0px !important;border-right-width: 0px !important;border-bottom-width: 0px !important;border-left-width: 0px !important;padding-right: 0px !important;padding-bottom: 0px !important;padding-left: 0px !important;}&#8221;][vc_column_text el_class=&#8221;img-center-mobile&#8221;]<img loading=\"lazy\" decoding=\"async\" class=\"wp-image-12911 size-full aligncenter\" src=\"https:\/\/comunique-se.com.br\/blog\/wp-content\/uploads\/2020\/05\/dino.png\" alt=\"DINO divulgador de not\u00edcias\" width=\"182\" height=\"64\" \/>[\/vc_column_text][\/vc_column][vc_column width=&#8221;1\/5&#8243;][vc_column_text el_class=&#8221;img-center-mobile&#8221;]<img loading=\"lazy\" decoding=\"async\" class=\"wp-image-13062 size-full aligncenter\" src=\"https:\/\/comunique-se.com.br\/blog\/wp-content\/uploads\/2020\/05\/InfluencyMe-1.png\" alt=\"Influency.me\" width=\"178\" height=\"58\" \/>[\/vc_column_text][\/vc_column][vc_column width=&#8221;1\/5&#8243;][vc_column_text el_class=&#8221;img-center-mobile&#8221;]<img loading=\"lazy\" decoding=\"async\" class=\"wp-image-13064 size-full aligncenter\" src=\"https:\/\/comunique-se.com.br\/blog\/wp-content\/uploads\/2020\/05\/suaTV-1.png\" alt=\"suaTV\" width=\"116\" height=\"58\" \/>[\/vc_column_text][\/vc_column][vc_column width=&#8221;1\/5&#8243;][vc_column_text el_class=&#8221;img-center-mobile&#8221;]<img loading=\"lazy\" decoding=\"async\" class=\"wp-image-13632 size-full aligncenter\" src=\"https:\/\/comunique-se.com.br\/blog\/wp-content\/uploads\/2020\/09\/gep-logo.png\" alt=\"\" width=\"250\" height=\"55\" \/>[\/vc_column_text][\/vc_column][\/vc_row][vc_row content_placement=&#8221;top&#8221;][vc_column width=&#8221;2\/3&#8243; el_class=&#8221;menos-padding-laptop&#8221;]<div class=\"ult-spacer spacer-69de720c88e6b\" data-id=\"69de720c88e6b\" data-height=\"10\" data-height-mobile=\"10\" data-height-tab=\"10\" data-height-tab-portrait=\"10\" data-height-mobile-landscape=\"10\" style=\"clear:both;display:block;\"><\/div><div id=\"ultimate-heading-732669de720c88f2e\" class=\"uvc-heading ult-adjust-bottom-margin ultimate-heading-732669de720c88f2e uvc-5045 \" data-hspacer=\"no_spacer\"  data-halign=\"left\" style=\"text-align:left\"><div class=\"uvc-heading-spacer no_spacer\" style=\"top\"><\/div><div class=\"uvc-main-heading ult-responsive\"  data-ultimate-target='.uvc-heading.ultimate-heading-732669de720c88f2e h1'  data-responsive-json-new='{\"font-size\":\"desktop:24px;tablet:24px;tablet_portrait:24px;mobile_landscape:24px;mobile:24px;\",\"line-height\":\"desktop:28px;tablet:28px;tablet_portrait:28px;mobile_landscape:28px;mobile:28px;\"}' ><h1 style=\"font-family:&#039;Open Sans&#039;;font-weight:700;color:#f27000;margin-bottom:1px;\">E-BOOK<\/h1><\/div><\/div><div id=\"ultimate-heading-767969de720c88f7b\" class=\"uvc-heading ult-adjust-bottom-margin ultimate-heading-767969de720c88f7b uvc-9570 Bold-Normal\" data-hspacer=\"no_spacer\"  data-halign=\"left\" style=\"text-align:left\"><div class=\"uvc-heading-spacer no_spacer\" style=\"top\"><\/div><div class=\"uvc-main-heading ult-responsive\"  data-ultimate-target='.uvc-heading.ultimate-heading-767969de720c88f7b h2'  data-responsive-json-new='{\"font-size\":\"desktop:45px;tablet:40px;tablet_portrait:40px;mobile_landscape:34px;mobile:44px;\",\"line-height\":\"desktop:58px;tablet:48px;tablet_portrait:48px;mobile_landscape:52px;mobile:52px;\"}' ><h2 style=\"font-family:&#039;Open Sans&#039;;font-weight:800;margin-bottom:0px;\">ADEQUA\u00c7\u00c3O \u00c0 LGPD NO SETOR DE COMUNICA\u00c7\u00c3O<\/h2><\/div><\/div><div class=\"ult-spacer spacer-69de720c88fa4\" data-id=\"69de720c88fa4\" data-height=\"20\" data-height-mobile=\"10\" data-height-tab=\"20\" data-height-tab-portrait=\"20\" data-height-mobile-landscape=\"10\" style=\"clear:both;display:block;\"><\/div><div id=\"ultimate-heading-557169de720c88fbd\" class=\"uvc-heading ult-adjust-bottom-margin ultimate-heading-557169de720c88fbd uvc-5669 Bold-Normal\" data-hspacer=\"no_spacer\"  data-halign=\"left\" style=\"text-align:left\"><div class=\"uvc-heading-spacer no_spacer\" style=\"top\"><\/div><div class=\"uvc-sub-heading ult-responsive\"  data-ultimate-target='.uvc-heading.ultimate-heading-557169de720c88fbd .uvc-sub-heading '  data-responsive-json-new='{\"font-size\":\"desktop:20px;\",\"line-height\":\"desktop:34px;\"}'  style=\"font-family:&#039;Lato&#039;;font-weight:normal;\"><span style=\"font-weight: 400;\">A Lei Geral de Prote\u00e7\u00e3o de Dados (LGPD) \u2014 que est\u00e1 em vigor desde agosto de 2020 \u2014 traz diversas mudan\u00e7as em rela\u00e7\u00e3o \u00e0 coleta, armazenamento e uso de dados pessoais; algo que implica diretamente no trabalho do profissional de comunica\u00e7\u00e3o.<\/span><\/p>\n<p><span style=\"font-weight: 400;\">Este material ir\u00e1 esclarecer os principais impactos que a nova Lei trouxe para o mercado de comunica\u00e7\u00e3o, al\u00e9m de mostrar \u2014 de forma simples e objetiva \u2014 um passo a passo para se adequar e continuar utilizando dados pessoais de forma legal.<\/span><\/div><\/div>[vc_single_image image=&#8221;13848&#8243; img_size=&#8221;full&#8221; css_animation=&#8221;fadeInLeft&#8221; image_hovers=&#8221;false&#8221;]<div id=\"ultimate-heading-269969de720c88fe4\" class=\"uvc-heading ult-adjust-bottom-margin ultimate-heading-269969de720c88fe4 uvc-3772 Bold-Normal\" data-hspacer=\"no_spacer\"  data-halign=\"left\" style=\"text-align:left\"><div class=\"uvc-heading-spacer no_spacer\" style=\"top\"><\/div><div class=\"uvc-sub-heading ult-responsive\"  data-ultimate-target='.uvc-heading.ultimate-heading-269969de720c88fe4 .uvc-sub-heading '  data-responsive-json-new='{\"font-size\":\"desktop:20px;\",\"line-height\":\"desktop:34px;\"}'  style=\"font-family:&#039;Lato&#039;;font-weight:normal;\"><strong>Alguns t\u00f3picos abordados no material:<\/strong><\/div><\/div>[vc_row_inner][vc_column_inner width=&#8221;11\/12&#8243;]<div class=\"ult-spacer spacer-69de720c89005\" data-id=\"69de720c89005\" data-height=\"4\" data-height-mobile=\"8\" data-height-tab=\"8\" data-height-tab-portrait=\"8\" data-height-mobile-landscape=\"8\" style=\"clear:both;display:block;\"><\/div><div class=\"uavc-list-icon uavc-list-icon-wrapper ult-adjust-bottom-margin   vc_custom_1516740336338  vc_custom_1516740336338\"><ul class=\"uavc-list\"><li><div class=\"uavc-list-content\" id=\"list-icon-wrap-9273\">\n<div class=\"uavc-list-icon  \" data-animation=\"\" data-animation-delay=\"03\" style=\"margin-right:8px;\"><div class=\"ult-just-icon-wrapper  \"><div class=\"align-icon\" style=\"text-align:center;\">\n<div class=\"aio-icon none \"  style=\"color:#333333;font-size:24px;display:inline-block;\">\n\t<i class=\"fas fa-angle-right\"><\/i>\n<\/div><\/div><\/div>\n<\/div><span  data-ultimate-target='#list-icon-wrap-9273 .uavc-list-desc'  data-responsive-json-new='{\"font-size\":\"\",\"line-height\":\"\"}'  class=\"uavc-list-desc ult-responsive\" style=\"\">Cuidados para adotar em seu site;<\/span><\/div><\/li><li><div class=\"uavc-list-content\" id=\"list-icon-wrap-2251\">\n<div class=\"uavc-list-icon  \" data-animation=\"\" data-animation-delay=\"03\" style=\"margin-right:8px;\"><div class=\"ult-just-icon-wrapper  \"><div class=\"align-icon\" style=\"text-align:center;\">\n<div class=\"aio-icon none \"  style=\"color:#333333;font-size:24px;display:inline-block;\">\n\t<i class=\"fas fa-angle-right\"><\/i>\n<\/div><\/div><\/div>\n<\/div><span  data-ultimate-target='#list-icon-wrap-2251 .uavc-list-desc'  data-responsive-json-new='{\"font-size\":\"\",\"line-height\":\"\"}'  class=\"uavc-list-desc ult-responsive\" style=\"\">Os cookies e a LGPD;<\/span><\/div><\/li><li><div class=\"uavc-list-content\" id=\"list-icon-wrap-8782\">\n<div class=\"uavc-list-icon  \" data-animation=\"\" data-animation-delay=\"03\" style=\"margin-right:8px;\"><div class=\"ult-just-icon-wrapper  \"><div class=\"align-icon\" style=\"text-align:center;\">\n<div class=\"aio-icon none \"  style=\"color:#333333;font-size:24px;display:inline-block;\">\n\t<i class=\"fas fa-angle-right\"><\/i>\n<\/div><\/div><\/div>\n<\/div><span  data-ultimate-target='#list-icon-wrap-8782 .uavc-list-desc'  data-responsive-json-new='{\"font-size\":\"\",\"line-height\":\"\"}'  class=\"uavc-list-desc ult-responsive\" style=\"\">Uso de mailings antigos;<\/span><\/div><\/li><li><div class=\"uavc-list-content\" id=\"list-icon-wrap-8772\">\n<div class=\"uavc-list-icon  \" data-animation=\"\" data-animation-delay=\"03\" style=\"margin-right:8px;\"><div class=\"ult-just-icon-wrapper  \"><div class=\"align-icon\" style=\"text-align:center;\">\n<div class=\"aio-icon none \"  style=\"color:#333333;font-size:24px;display:inline-block;\">\n\t<i class=\"fas fa-angle-right\"><\/i>\n<\/div><\/div><\/div>\n<\/div><span  data-ultimate-target='#list-icon-wrap-8772 .uavc-list-desc'  data-responsive-json-new='{\"font-size\":\"\",\"line-height\":\"\"}'  class=\"uavc-list-desc ult-responsive\" style=\"\">Compra e troca de mailings;<\/span><\/div><\/li><li><div class=\"uavc-list-content\" id=\"list-icon-wrap-5693\">\n<div class=\"uavc-list-icon  \" data-animation=\"\" data-animation-delay=\"03\" style=\"margin-right:8px;\"><div class=\"ult-just-icon-wrapper  \"><div class=\"align-icon\" style=\"text-align:center;\">\n<div class=\"aio-icon none \"  style=\"color:#333333;font-size:24px;display:inline-block;\">\n\t<i class=\"fas fa-angle-right\"><\/i>\n<\/div><\/div><\/div>\n<\/div><span  data-ultimate-target='#list-icon-wrap-5693 .uavc-list-desc'  data-responsive-json-new='{\"font-size\":\"\",\"line-height\":\"\"}'  class=\"uavc-list-desc ult-responsive\" style=\"\">Impactos nas redes sociais;<\/span><\/div><\/li><li><div class=\"uavc-list-content\" id=\"list-icon-wrap-7399\">\n<div class=\"uavc-list-icon  \" data-animation=\"\" data-animation-delay=\"03\" style=\"margin-right:8px;\"><div class=\"ult-just-icon-wrapper  \"><div class=\"align-icon\" style=\"text-align:center;\">\n<div class=\"aio-icon none \"  style=\"color:#333333;font-size:24px;display:inline-block;\">\n\t<i class=\"fas fa-angle-right\"><\/i>\n<\/div><\/div><\/div>\n<\/div><span  data-ultimate-target='#list-icon-wrap-7399 .uavc-list-desc'  data-responsive-json-new='{\"font-size\":\"\",\"line-height\":\"\"}'  class=\"uavc-list-desc ult-responsive\" style=\"\">Publicidade online &#8211; Facebook Ads;<\/span><\/div><\/li><li><div class=\"uavc-list-content\" id=\"list-icon-wrap-4670\">\n<div class=\"uavc-list-icon  \" data-animation=\"\" data-animation-delay=\"03\" style=\"margin-right:8px;\"><div class=\"ult-just-icon-wrapper  \"><div class=\"align-icon\" style=\"text-align:center;\">\n<div class=\"aio-icon none \"  style=\"color:#333333;font-size:24px;display:inline-block;\">\n\t<i class=\"fas fa-angle-right\"><\/i>\n<\/div><\/div><\/div>\n<\/div><span  data-ultimate-target='#list-icon-wrap-4670 .uavc-list-desc'  data-responsive-json-new='{\"font-size\":\"\",\"line-height\":\"\"}'  class=\"uavc-list-desc ult-responsive\" style=\"\">Infra\u00e7\u00f5es mais comuns&#8230; <strong>E MUITO MAIS!<\/strong><\/span><\/div><\/li><\/ul><\/div>[\/vc_column_inner][vc_column_inner width=&#8221;1\/12&#8243; offset=&#8221;vc_hidden-sm vc_hidden-xs&#8221;][\/vc_column_inner][\/vc_row_inner][\/vc_column][vc_column width=&#8221;1\/3&#8243; el_id=&#8221;form&#8221;]<div class=\"ult-spacer spacer-69de720c89429\" data-id=\"69de720c89429\" data-height=\"20\" data-height-mobile=\"10\" data-height-tab=\"20\" data-height-tab-portrait=\"20\" data-height-mobile-landscape=\"10\" style=\"clear:both;display:block;\"><\/div><div class=\"ult-content-box-container \" >\t\t<div class=\"ult-content-box\" style=\"background-color:#ffffff;box-shadow: 3px 2px 20px 3px rgba(0,0,0,0.16) ;border-style:solid;border-width:0px;border-radius:22px;padding-top:0px;padding-right:14px;padding-bottom:0px;padding-left:14px;min-height:480px;-webkit-transition: all 700ms ease;-moz-transition: all 700ms ease;-ms-transition: all 700ms ease;-o-transition: all 700ms ease;transition: all 700ms ease;\"  data-hover_box_shadow=\" 3px 2px 20px 3px rgba(0,0,0,0.3) \"     data-bg=\"#ffffff\"  data-border_color=\"\" >[vc_row_inner el_class=&#8221;border-radius&#8221; css=&#8221;.vc_custom_1604003599163{background-color: #ff6a00 !important;}&#8221;][vc_column_inner el_class=&#8221;border-radius&#8221; css=&#8221;.vc_custom_1599169665689{margin-top: 0px !important;margin-right: 0px !important;margin-bottom: 0px !important;margin-left: 0px !important;border-top-width: 0px !important;border-right-width: 0px !important;border-bottom-width: 0px !important;border-left-width: 0px !important;padding-top: 0px !important;padding-right: 22px !important;padding-bottom: 0px !important;padding-left: 22px !important;}&#8221;]<div class=\"ult-spacer spacer-69de720c894e6\" data-id=\"69de720c894e6\" data-height=\"8\" data-height-mobile=\"8\" data-height-tab=\"8\" data-height-tab-portrait=\"8\" data-height-mobile-landscape=\"8\" style=\"clear:both;display:block;\"><\/div><div id=\"ultimate-heading-152969de720c8950c\" class=\"uvc-heading ult-adjust-bottom-margin ultimate-heading-152969de720c8950c uvc-3957 \" data-hspacer=\"no_spacer\"  data-halign=\"center\" style=\"text-align:center\"><div class=\"uvc-heading-spacer no_spacer\" style=\"top\"><\/div><div class=\"uvc-main-heading ult-responsive\"  data-ultimate-target='.uvc-heading.ultimate-heading-152969de720c8950c h2'  data-responsive-json-new='{\"font-size\":\"desktop:24px;\",\"line-height\":\"desktop:38px;\"}' ><h2 style=\"font-family:&#039;Lato&#039;;font-weight:900;color:#ffffff;margin-bottom:8px;\">Acesso gratuito e imediato<\/h2><\/div><\/div>[\/vc_column_inner][\/vc_row_inner][vc_row_inner][vc_column_inner css=&#8221;.vc_custom_1599167233556{margin-top: 0px !important;margin-right: 0px !important;margin-left: 0px !important;border-top-width: 0px !important;border-right-width: 0px !important;border-left-width: 0px !important;padding-top: 0px !important;padding-right: 25px !important;padding-left: 25px !important;}&#8221;][vc_raw_js]JTNDZGl2JTIwcm9sZSUzRCUyMm1haW4lMjIlMjBpZCUzRCUyMmZvcm11bGFyaW8tZWJvb2stbGdwZC0yMjhhOTNkM2M2MzAyNWMwZWE5YyUyMiUzRSUzQyUyRmRpdiUzRSUzQ3NjcmlwdCUyMHR5cGUlM0QlMjJ0ZXh0JTJGamF2YXNjcmlwdCUyMiUyMHNyYyUzRCUyMmh0dHBzJTNBJTJGJTJGZDMzNWx1dXB1Z3N5Mi5jbG91ZGZyb250Lm5ldCUyRmpzJTJGcmRzdGF0aW9uLWZvcm1zJTJGc3RhYmxlJTJGcmRzdGF0aW9uLWZvcm1zLm1pbi5qcyUyMiUzRSUzQyUyRnNjcmlwdCUzRSUzQ3NjcmlwdCUyMHR5cGUlM0QlMjJ0ZXh0JTJGamF2YXNjcmlwdCUyMiUzRSUyMG5ldyUyMFJEU3RhdGlvbkZvcm1zJTI4JTI3Zm9ybXVsYXJpby1lYm9vay1sZ3BkLTIyOGE5M2QzYzYzMDI1YzBlYTljJTI3JTJDJTIwJTI3VUEtMzA1Nzc3NzAtMiUyNyUyOS5jcmVhdGVGb3JtJTI4JTI5JTNCJTNDJTJGc2NyaXB0JTNF[\/vc_raw_js][\/vc_column_inner][\/vc_row_inner]\t\t<\/div><\/div><div class=\"ult-spacer spacer-69de720c89548\" data-id=\"69de720c89548\" data-height=\"30\" data-height-mobile=\"30\" data-height-tab=\"30\" data-height-tab-portrait=\"30\" data-height-mobile-landscape=\"30\" style=\"clear:both;display:block;\"><\/div>[vc_column_text]<\/p>\n<p style=\"font-size: 12px; line-height: 16px;\">O respons\u00e1vel pelo tratamento dos seus dados pessoais \u00e9 a Comunique-se S\/A. Estes dados ser\u00e3o utilizados para lhe enviar informativos sobre os nossos servi\u00e7os, al\u00e9m de utilizarmos para efeitos estat\u00edsticos. Para mais informa\u00e7\u00f5es sobre como utilizaremos os dados, por favor consulte a nossa\u00a0<a href=\"https:\/\/institucional.comunique-se.com.br\/politica-de-privacidade\/\">Pol\u00edtica de Privacidade<\/a>. Ao utilizar este formul\u00e1rio voc\u00ea concorda com a nossa Pol\u00edtica. A Comunique-se S\/A pode compartilhar estes dados com outras marcas do Grupo Comunique-se para a mesma finalidade. Caso deseje se desinscrever, voc\u00ea pode faz\u00ea-lo a partir de algum e-mail j\u00e1 recebido (atrav\u00e9s da fun\u00e7\u00e3o descadastrar) ou nos contatando a partir do e-mail <a href=\"mailto:marketing@comunique-se.com.br\">marketing@comunique-se.com.br<\/a>. Para exercer os seus direitos de usu\u00e1rio para retifica\u00e7\u00e3o ou remo\u00e7\u00e3o dos dados sens\u00edveis, contate-nos atrav\u00e9s do e-mail <a href=\"mailto:dpo@comunique-se.com.br\">dpo@comunique-se.com.br<\/a><\/p>\n<p>[\/vc_column_text]<div class=\"ult-spacer spacer-69de720c89555\" data-id=\"69de720c89555\" data-height=\"30\" data-height-mobile=\"30\" data-height-tab=\"30\" data-height-tab-portrait=\"30\" data-height-mobile-landscape=\"30\" style=\"clear:both;display:block;\"><\/div>[\/vc_column][\/vc_row][\/vc_section][vc_section][vc_row][vc_column][\/vc_column][\/vc_row][\/vc_section]<\/p>\n","protected":false},"excerpt":{"rendered":"<p>[vc_section full_width=&#8221;stretch_row&#8221; content_placement=&#8221;middle&#8221; el_class=&#8221;background-no-repeat&#8221;][vc_row content_placement=&#8221;middle&#8221; bg_type=&#8221;grad&#8221; bg_override=&#8221;full&#8221; bg_grad=&#8221;background: -webkit-gradient(linear, left top, left bottom, color-stop(0%, #FFA826), color-stop(100%, #EB4A00));background: -moz-linear-gradient(left,#FFA826 0%,#EB4A00 100%);background: -webkit-linear-gradient(left,#FFA826 0%,#EB4A00 100%);background: -o-linear-gradient(left,#FFA826 0%,#EB4A00 100%);background: -ms-linear-gradient(left,#FFA826 0%,#EB4A00 100%);background: linear-gradient(left,#FFA826 0%,#EB4A00 100%);&#8221;][vc_column width=&#8221;1\/5&#8243; css=&#8221;.vc_custom_1585766457197{margin-right: 0px !important;margin-bottom: 0px !important;margin-left: 0px !important;border-right-width: 0px !important;border-bottom-width: 0px !important;border-left-width: 0px !important;padding-right: 0px !important;padding-bottom: 0px !important;padding-left: 0px !important;}&#8221;][vc_column_text el_class=&#8221;img-center-mobile&#8221;][\/vc_column_text][\/vc_column][vc_column width=&#8221;1\/5&#8243; css=&#8221;.vc_custom_1585769930530{margin-right:&hellip;<\/p>\n","protected":false},"author":20,"featured_media":13854,"parent":0,"menu_order":8,"comment_status":"closed","ping_status":"closed","template":"template-microsite.php","meta":{"footnotes":"","_links_to":"","_links_to_target":""},"yst_prominent_words":[],"class_list":["post-13820","page","type-page","status-publish","has-post-thumbnail","hentry","description-off"],"_links":{"self":[{"href":"https:\/\/comunique-se.com.br\/blog\/wp-json\/wp\/v2\/pages\/13820","targetHints":{"allow":["GET"]}}],"collection":[{"href":"https:\/\/comunique-se.com.br\/blog\/wp-json\/wp\/v2\/pages"}],"about":[{"href":"https:\/\/comunique-se.com.br\/blog\/wp-json\/wp\/v2\/types\/page"}],"author":[{"embeddable":true,"href":"https:\/\/comunique-se.com.br\/blog\/wp-json\/wp\/v2\/users\/20"}],"replies":[{"embeddable":true,"href":"https:\/\/comunique-se.com.br\/blog\/wp-json\/wp\/v2\/comments?post=13820"}],"version-history":[{"count":1,"href":"https:\/\/comunique-se.com.br\/blog\/wp-json\/wp\/v2\/pages\/13820\/revisions"}],"predecessor-version":[{"id":18614,"href":"https:\/\/comunique-se.com.br\/blog\/wp-json\/wp\/v2\/pages\/13820\/revisions\/18614"}],"wp:featuredmedia":[{"embeddable":true,"href":"https:\/\/comunique-se.com.br\/blog\/wp-json\/wp\/v2\/media\/13854"}],"wp:attachment":[{"href":"https:\/\/comunique-se.com.br\/blog\/wp-json\/wp\/v2\/media?parent=13820"}],"wp:term":[{"taxonomy":"yst_prominent_words","embeddable":true,"href":"https:\/\/comunique-se.com.br\/blog\/wp-json\/wp\/v2\/yst_prominent_words?post=13820"}],"curies":[{"name":"wp","href":"https:\/\/api.w.org\/{rel}","templated":true}]}}