{"id":13050,"date":"2020-06-04T13:36:53","date_gmt":"2020-06-04T16:36:53","guid":{"rendered":"https:\/\/institucional.comunique-se.com.br\/?page_id=685"},"modified":"2023-03-17T12:50:23","modified_gmt":"2023-03-17T15:50:23","slug":"podcast-se","status":"publish","type":"page","link":"https:\/\/comunique-se.com.br\/blog\/podcast-se\/","title":{"rendered":"Podcast-se"},"content":{"rendered":"<p>[vc_row bg_type=&#8221;image&#8221; parallax_style=&#8221;vcpb-vz-jquery&#8221; bg_image_new=&#8221;id^17374|url^https:\/\/comunique-se.com.br\/blog\/wp-content\/uploads\/2023\/03\/fundo_light.png|caption^null|alt^null|title^fundo_light|description^null&#8221; bg_image_repeat=&#8221;no-repeat&#8221; parallax_sense=&#8221;6&#8243; bg_override=&#8221;full&#8221; disable_on_mobile_img_parallax=&#8221;disable_on_mobile_img_parallax_value&#8221;][vc_column]<div class=\"ult-spacer spacer-69d504bc9c9b7\" data-id=\"69d504bc9c9b7\" data-height=\"200\" data-height-mobile=\"100\" data-height-tab=\"200\" data-height-tab-portrait=\"160\" data-height-mobile-landscape=\"100\" style=\"clear:both;display:block;\"><\/div>[vc_column_text css_animation=&#8221;fadeInRight&#8221;]<\/p>\n<h2 class=\"txt-banner\">Ou\u00e7a o<\/h2>\n<h1 class=\"tp-caption title-banner tp-resizeme rs-parallaxlevel-2 txt-cor-laranja\">PODCAST-SE<\/h1>\n<p>[\/vc_column_text]<div class=\"ult-spacer spacer-69d504bc9c9de\" data-id=\"69d504bc9c9de\" data-height=\"50\" data-height-mobile=\"50\" data-height-tab=\"50\" data-height-tab-portrait=\"50\" data-height-mobile-landscape=\"50\" style=\"clear:both;display:block;\"><\/div>[\/vc_column][\/vc_row][vc_row full_width=&#8221;stretch_row&#8221; css_animation=&#8221;none&#8221; css=&#8221;.vc_custom_1590696401445{margin-top: 0px !important;margin-right: 0px !important;margin-bottom: 0px !important;margin-left: 0px !important;padding-top: 0px !important;padding-right: 0px !important;padding-bottom: 0px !important;padding-left: 0px !important;}&#8221;][vc_column el_class=&#8221;vc_col-sm-12&#8243;]<div class=\"ult-spacer spacer-69d504bc9c9f5\" data-id=\"69d504bc9c9f5\" data-height=\"60\" data-height-mobile=\"20\" data-height-tab=\"60\" data-height-tab-portrait=\"60\" data-height-mobile-landscape=\"20\" style=\"clear:both;display:block;\"><\/div>[\/vc_column][\/vc_row][vc_row full_width=&#8221;stretch_row_content&#8221;][vc_column width=&#8221;2\/12&#8243;][\/vc_column][vc_column width=&#8221;8\/12&#8243;][vc_raw_html]JTNDY2VudGVyJTNFJTNDaWZyYW1lJTIwd2lkdGglM0QlMjI5NjAlMjIlMjBoZWlnaHQlM0QlMjI1NDAlMjIlMjBzcmMlM0QlMjJodHRwcyUzQSUyRiUyRnd3dy55b3V0dWJlLmNvbSUyRmVtYmVkJTJGXzZOQVJxNWVVLXMlMjIlMjB0aXRsZSUzRCUyMllvdVR1YmUlMjB2aWRlbyUyMHBsYXllciUyMiUyMGZyYW1lYm9yZGVyJTNEJTIyMCUyMiUyMGFsbG93JTNEJTIyYWNjZWxlcm9tZXRlciUzQiUyMGF1dG9wbGF5JTNCJTIwY2xpcGJvYXJkLXdyaXRlJTNCJTIwZW5jcnlwdGVkLW1lZGlhJTNCJTIwZ3lyb3Njb3BlJTNCJTIwcGljdHVyZS1pbi1waWN0dXJlJTNCJTIwd2ViLXNoYXJlJTIyJTIwYWxsb3dmdWxsc2NyZWVuJTNFJTNDJTJGaWZyYW1lJTNFJTNDJTJGY2VudGVyJTNF[\/vc_raw_html][\/vc_column][vc_column width=&#8221;2\/12&#8243;][\/vc_column][\/vc_row][vc_row full_width=&#8221;stretch_row_content&#8221;][vc_column width=&#8221;2\/12&#8243;][\/vc_column][vc_column width=&#8221;8\/12&#8243;][vc_raw_html]JTNDaWZyYW1lJTIwc3JjJTNEJTIyaHR0cHMlM0ElMkYlMkZ3d3cubGlzdGVubm90ZXMuY29tJTJGcG9kY2FzdHMlMkZwb2RjYXN0LXNlLWNvbXVuaXF1ZS1zZS1paDZ2bVhqeVczZyUyRmVtYmVkJTJGJTIyJTIwaGVpZ2h0JTNEJTIyNjAwcHglMjIlMjB3aWR0aCUzRCUyMjEwMCUyNSUyMiUyMHN0eWxlJTNEJTIyd2lkdGglM0ElMjAxcHglM0IlMjBtaW4td2lkdGglM0ElMjAxMDAlMjUlM0IlMjIlMjBmcmFtZWJvcmRlciUzRCUyMjAlMjIlMjBzY3JvbGxpbmclM0QlMjJubyUyMiUyMGxvYWRpbmclM0QlMjJsYXp5JTIyJTNFJTNDJTJGaWZyYW1lJTNF[\/vc_raw_html][\/vc_column][vc_column width=&#8221;2\/12&#8243;][\/vc_column][\/vc_row][vc_row full_width=&#8221;stretch_row&#8221; css_animation=&#8221;none&#8221; css=&#8221;.vc_custom_1655742549639{margin-top: 0px !important;margin-right: 0px !important;margin-bottom: 0px !important;margin-left: 0px !important;padding-top: 0px !important;padding-right: 0px !important;padding-bottom: 0px !important;padding-left: 0px !important;}&#8221;][vc_column el_class=&#8221;vc_col-sm-12&#8243;]<div class=\"ult-spacer spacer-69d504bc9ca07\" data-id=\"69d504bc9ca07\" data-height=\"60\" data-height-mobile=\"20\" data-height-tab=\"60\" data-height-tab-portrait=\"60\" data-height-mobile-landscape=\"20\" style=\"clear:both;display:block;\"><\/div>[\/vc_column][\/vc_row][vc_row][vc_column][vc_column_text]<\/p>\n<p>[\/vc_column_text][\/vc_column][\/vc_row][vc_row full_width=&#8221;stretch_row&#8221; bg_type=&#8221;image&#8221; parallax_style=&#8221;vcpb-default&#8221; bg_image_repeat=&#8221;no-repeat&#8221; css=&#8221;.vc_custom_1590702603660{margin-bottom: 0px !important;padding-top: 80px !important;padding-bottom: 60px !important;background-color: #f3f3f3 !important;background-position: center !important;background-repeat: no-repeat !important;background-size: contain !important;}&#8221;][vc_column width=&#8221;1\/2&#8243;][vc_column_text css=&#8221;.vc_custom_1590701360900{margin-bottom: 0px !important;padding-bottom: 0px !important;}&#8221;]<\/p>\n<h3 class=\"subtxt-destaque\" style=\"text-align: left;\">NEWSLETTER<\/h3>\n<p>[\/vc_column_text][vc_column_text css=&#8221;.vc_custom_1592317659625{margin-bottom: 0px !important;padding-bottom: 0px !important;}&#8221;]<\/p>\n<h3 class=\"txt-destaque\" style=\"text-align: left;\">Fique por dentro de tudo que acontece na comunica\u00e7\u00e3o<\/h3>\n<p>[\/vc_column_text][vc_column_text css=&#8221;.vc_custom_1594141687883{padding-top: 30px !important;}&#8221;]<\/p>\n<p style=\"font-size: 12px; line-height: 16px;\">O respons\u00e1vel pelo tratamento dos seus dados pessoais \u00e9 a Comunique-se S\/A. Estes dados ser\u00e3o utilizados para lhe enviar informativos sobre os nossos servi\u00e7os, al\u00e9m de utilizarmos para efeitos estat\u00edsticos. Para mais informa\u00e7\u00f5es sobre como utilizaremos os dados, por favor consulte a nossa\u00a0<a href=\"\/politica-de-privacidade\/\">Pol\u00edtica de Privacidade<\/a>. Ao utilizar este formul\u00e1rio voc\u00ea concorda com a nossa Pol\u00edtica. A Comunique-se S\/A pode compartilhar estes dados com outras marcas do Grupo Comunique-se para a mesma finalidade. Caso deseje se desinscrever, voc\u00ea pode faz\u00ea-lo a partir de algum e-mail j\u00e1 recebido (atrav\u00e9s da fun\u00e7\u00e3o descadastrar) ou nos contatando a partir do e-mail <a href=\"mailto:marketing@comunique-se.com.br\">marketing@comunique-se.com.br<\/a>. Para exercer os seus direitos de usu\u00e1rio para retifica\u00e7\u00e3o ou remo\u00e7\u00e3o dos dados sens\u00edveis, contate-nos atrav\u00e9s do e-mail <a href=\"mailto:dpo@comunique-se.com.br\">dpo@comunique-se.com.br<\/a><\/p>\n<p>[\/vc_column_text][\/vc_column][vc_column width=&#8221;1\/2&#8243;][vc_row_inner content_placement=&#8221;middle&#8221; css=&#8221;.vc_custom_1577210063911{background-position: center !important;background-repeat: no-repeat !important;background-size: cover !important;}&#8221;][vc_column_inner css=&#8221;.vc_custom_1577210115078{margin-top: 0px !important;margin-bottom: -32px !important;border-top-width: 0px !important;border-bottom-width: 0px !important;padding-top: 0px !important;padding-bottom: 0px !important;}&#8221;][vc_raw_html]JTNDZGl2JTIwcm9sZSUzRCUyMm1haW4lMjIlMjBpZCUzRCUyMmZvcm11bGFyaW8tc2l0ZS1jb211bmlxdWUtc2UtYXNzaW5hdHVyYS1kZS1uZXdzbGV0dGVyLWYyMWZkMTRhYzEzODJhY2U5NTZkJTIyJTNFJTNDJTJGZGl2JTNFJTNDc2NyaXB0JTIwdHlwZSUzRCUyMnRleHQlMkZqYXZhc2NyaXB0JTIyJTIwc3JjJTNEJTIyaHR0cHMlM0ElMkYlMkZkMzM1bHV1cHVnc3kyLmNsb3VkZnJvbnQubmV0JTJGanMlMkZyZHN0YXRpb24tZm9ybXMlMkZzdGFibGUlMkZyZHN0YXRpb24tZm9ybXMubWluLmpzJTIyJTNFJTNDJTJGc2NyaXB0JTNFJTNDc2NyaXB0JTIwdHlwZSUzRCUyMnRleHQlMkZqYXZhc2NyaXB0JTIyJTNFJTIwbmV3JTIwUkRTdGF0aW9uRm9ybXMlMjglMjdmb3JtdWxhcmlvLXNpdGUtY29tdW5pcXVlLXNlLWFzc2luYXR1cmEtZGUtbmV3c2xldHRlci1mMjFmZDE0YWMxMzgyYWNlOTU2ZCUyNyUyQyUyMCUyN1VBLTMwNTc3NzcwLTIlMjclMjkuY3JlYXRlRm9ybSUyOCUyOSUzQiUzQyUyRnNjcmlwdCUzRSUwQSUyMCUyMCUyMCUyMCUyMCUyMCUyMCUyMCUyMCUyMCUyMCUyMCUyMCUyMCUyMCUyMCUyMCUyMCUyMCUyMA==[\/vc_raw_html][\/vc_column_inner][\/vc_row_inner][\/vc_column][\/vc_row][vc_row][vc_column][vc_column_text]<\/p>\n<p>[\/vc_column_text][\/vc_column][\/vc_row][vc_row css=&#8221;.vc_custom_1589900976685{padding-top: 80px !important;}&#8221; el_class=&#8221;container&#8221;][vc_column width=&#8221;4\/12&#8243; offset=&#8221;vc_col-xs-12&#8243;][vc_single_image image=&#8221;16517&#8243; img_size=&#8221;full&#8221;][\/vc_column][vc_column width=&#8221;3\/12&#8243; offset=&#8221;vc_hidden-sm vc_hidden-xs&#8221;][\/vc_column][vc_column width=&#8221;5\/12&#8243; offset=&#8221;vc_col-xs-12&#8243;][vc_row_inner css=&#8221;.vc_custom_1593466244192{padding-top: 30px !important;}&#8221; el_class=&#8221;socialIcons&#8221;][vc_column_inner width=&#8221;1\/6&#8243; offset=&#8221;vc_col-xs-2&#8243;][vc_single_image image=&#8221;13085&#8243; img_size=&#8221;full&#8221; onclick=&#8221;custom_link&#8221; image_hovers=&#8221;false&#8221; link=&#8221;https:\/\/www.facebook.com\/comuniquese&#8221;][\/vc_column_inner][vc_column_inner width=&#8221;1\/6&#8243; offset=&#8221;vc_col-xs-2&#8243;][vc_single_image image=&#8221;13086&#8243; img_size=&#8221;full&#8221; onclick=&#8221;custom_link&#8221; img_link_target=&#8221;_blank&#8221; image_hovers=&#8221;false&#8221; link=&#8221;https:\/\/www.instagram.com\/grupocomuniquese\/&#8221;][\/vc_column_inner][vc_column_inner width=&#8221;1\/6&#8243; offset=&#8221;vc_col-xs-2&#8243;][vc_single_image image=&#8221;13089&#8243; img_size=&#8221;full&#8221; onclick=&#8221;custom_link&#8221; img_link_target=&#8221;_blank&#8221; image_hovers=&#8221;false&#8221; link=&#8221;https:\/\/www.youtube.com\/channel\/UCWvO2ORuqoPQGJTiRIcIZ_A&#8221;][\/vc_column_inner][vc_column_inner width=&#8221;1\/6&#8243; offset=&#8221;vc_col-xs-2&#8243;][vc_single_image image=&#8221;13088&#8243; img_size=&#8221;full&#8221; onclick=&#8221;custom_link&#8221; img_link_target=&#8221;_blank&#8221; image_hovers=&#8221;false&#8221; link=&#8221;https:\/\/twitter.com\/comuniquese&#8221;][\/vc_column_inner][vc_column_inner width=&#8221;1\/6&#8243; offset=&#8221;vc_col-xs-2&#8243;][vc_single_image image=&#8221;13087&#8243; img_size=&#8221;full&#8221; onclick=&#8221;custom_link&#8221; img_link_target=&#8221;_blank&#8221; image_hovers=&#8221;false&#8221; link=&#8221;https:\/\/www.linkedin.com\/company\/comunique-se\/&#8221;][\/vc_column_inner][vc_column_inner width=&#8221;1\/6&#8243; offset=&#8221;vc_col-xs-2&#8243;][vc_single_image image=&#8221;13195&#8243; img_size=&#8221;full&#8221; onclick=&#8221;custom_link&#8221; image_hovers=&#8221;false&#8221; link=&#8221;https:\/\/t.me\/joinchat\/PetVEhbLu3g0ubg7FSEYeg?utm_source=newsletter&amp;amp;utm_medium=abril&amp;amp;utm_campaign=30.04&#8243;][\/vc_column_inner][\/vc_row_inner][\/vc_column][\/vc_row]<\/p>\n","protected":false},"excerpt":{"rendered":"<p>[vc_row bg_type=&#8221;image&#8221; parallax_style=&#8221;vcpb-vz-jquery&#8221; bg_image_new=&#8221;id^17374|url^https:\/\/comunique-se.com.br\/blog\/wp-content\/uploads\/2023\/03\/fundo_light.png|caption^null|alt^null|title^fundo_light|description^null&#8221; bg_image_repeat=&#8221;no-repeat&#8221; parallax_sense=&#8221;6&#8243; bg_override=&#8221;full&#8221; disable_on_mobile_img_parallax=&#8221;disable_on_mobile_img_parallax_value&#8221;][vc_column][vc_column_text css_animation=&#8221;fadeInRight&#8221;] Ou\u00e7a o PODCAST-SE [\/vc_column_text][\/vc_column][\/vc_row][vc_row full_width=&#8221;stretch_row&#8221; css_animation=&#8221;none&#8221; css=&#8221;.vc_custom_1590696401445{margin-top: 0px !important;margin-right: 0px !important;margin-bottom: 0px !important;margin-left: 0px !important;padding-top: 0px !important;padding-right: 0px !important;padding-bottom: 0px !important;padding-left: 0px !important;}&#8221;][vc_column el_class=&#8221;vc_col-sm-12&#8243;][\/vc_column][\/vc_row][vc_row full_width=&#8221;stretch_row_content&#8221;][vc_column width=&#8221;2\/12&#8243;][\/vc_column][vc_column width=&#8221;8\/12&#8243;][vc_raw_html]JTNDY2VudGVyJTNFJTNDaWZyYW1lJTIwd2lkdGglM0QlMjI5NjAlMjIlMjBoZWlnaHQlM0QlMjI1NDAlMjIlMjBzcmMlM0QlMjJodHRwcyUzQSUyRiUyRnd3dy55b3V0dWJlLmNvbSUyRmVtYmVkJTJGXzZOQVJxNWVVLXMlMjIlMjB0aXRsZSUzRCUyMllvdVR1YmUlMjB2aWRlbyUyMHBsYXllciUyMiUyMGZyYW1lYm9yZGVyJTNEJTIyMCUyMiUyMGFsbG93JTNEJTIyYWNjZWxlcm9tZXRlciUzQiUyMGF1dG9wbGF5JTNCJTIwY2xpcGJvYXJkLXdyaXRlJTNCJTIwZW5jcnlwdGVkLW1lZGlhJTNCJTIwZ3lyb3Njb3BlJTNCJTIwcGljdHVyZS1pbi1waWN0dXJlJTNCJTIwd2ViLXNoYXJlJTIyJTIwYWxsb3dmdWxsc2NyZWVuJTNFJTNDJTJGaWZyYW1lJTNFJTNDJTJGY2VudGVyJTNF[\/vc_raw_html][\/vc_column][vc_column width=&#8221;2\/12&#8243;][\/vc_column][\/vc_row][vc_row full_width=&#8221;stretch_row_content&#8221;][vc_column width=&#8221;2\/12&#8243;][\/vc_column][vc_column width=&#8221;8\/12&#8243;][vc_raw_html]JTNDaWZyYW1lJTIwc3JjJTNEJTIyaHR0cHMlM0ElMkYlMkZ3d3cubGlzdGVubm90ZXMuY29tJTJGcG9kY2FzdHMlMkZwb2RjYXN0LXNlLWNvbXVuaXF1ZS1zZS1paDZ2bVhqeVczZyUyRmVtYmVkJTJGJTIyJTIwaGVpZ2h0JTNEJTIyNjAwcHglMjIlMjB3aWR0aCUzRCUyMjEwMCUyNSUyMiUyMHN0eWxlJTNEJTIyd2lkdGglM0ElMjAxcHglM0IlMjBtaW4td2lkdGglM0ElMjAxMDAlMjUlM0IlMjIlMjBmcmFtZWJvcmRlciUzRCUyMjAlMjIlMjBzY3JvbGxpbmclM0QlMjJubyUyMiUyMGxvYWRpbmclM0QlMjJsYXp5JTIyJTNFJTNDJTJGaWZyYW1lJTNF[\/vc_raw_html][\/vc_column][vc_column width=&#8221;2\/12&#8243;][\/vc_column][\/vc_row][vc_row full_width=&#8221;stretch_row&#8221; css_animation=&#8221;none&#8221; css=&#8221;.vc_custom_1655742549639{margin-top: 0px !important;margin-right: 0px !important;margin-bottom: 0px !important;margin-left: 0px !important;padding-top: 0px !important;padding-right: 0px&hellip;<\/p>\n","protected":false},"author":19,"featured_media":0,"parent":0,"menu_order":3,"comment_status":"closed","ping_status":"closed","template":"","meta":{"footnotes":"","_links_to":"","_links_to_target":""},"yst_prominent_words":[],"class_list":["post-13050","page","type-page","status-publish","hentry","description-off"],"_links":{"self":[{"href":"https:\/\/comunique-se.com.br\/blog\/wp-json\/wp\/v2\/pages\/13050","targetHints":{"allow":["GET"]}}],"collection":[{"href":"https:\/\/comunique-se.com.br\/blog\/wp-json\/wp\/v2\/pages"}],"about":[{"href":"https:\/\/comunique-se.com.br\/blog\/wp-json\/wp\/v2\/types\/page"}],"author":[{"embeddable":true,"href":"https:\/\/comunique-se.com.br\/blog\/wp-json\/wp\/v2\/users\/19"}],"replies":[{"embeddable":true,"href":"https:\/\/comunique-se.com.br\/blog\/wp-json\/wp\/v2\/comments?post=13050"}],"version-history":[{"count":3,"href":"https:\/\/comunique-se.com.br\/blog\/wp-json\/wp\/v2\/pages\/13050\/revisions"}],"predecessor-version":[{"id":17407,"href":"https:\/\/comunique-se.com.br\/blog\/wp-json\/wp\/v2\/pages\/13050\/revisions\/17407"}],"wp:attachment":[{"href":"https:\/\/comunique-se.com.br\/blog\/wp-json\/wp\/v2\/media?parent=13050"}],"wp:term":[{"taxonomy":"yst_prominent_words","embeddable":true,"href":"https:\/\/comunique-se.com.br\/blog\/wp-json\/wp\/v2\/yst_prominent_words?post=13050"}],"curies":[{"name":"wp","href":"https:\/\/api.w.org\/{rel}","templated":true}]}}